{"id":540,"date":"2024-08-28T08:49:48","date_gmt":"2024-08-28T14:49:48","guid":{"rendered":"https:\/\/colchonesselther.com\/cr\/?post_type=product&#038;p=540"},"modified":"2026-05-04T11:22:59","modified_gmt":"2026-05-04T17:22:59","slug":"element","status":"publish","type":"product","link":"https:\/\/www.colchonesselther.com\/cr\/producto\/element\/","title":{"rendered":"Kit Element"},"content":{"rendered":"<p style=\"text-align: center\">CABECERAS<\/p>\n<h2 style=\"text-align: center\"><strong>SOFISTICADA<\/strong><\/h2>\n<p>Sofisticado Kit de complemento a tu sistema de descanso con toque de calidez y elegancia.<br \/>\n<img fetchpriority=\"high\" decoding=\"async\" class=\"alignnone wp-image-1547\" src=\"https:\/\/colchonesselther.com\/cr\/wp-content\/uploads\/2024\/08\/kitelement_gris_telafrente.jpg\" alt=\"Vista frontal de la tela del Kit element, con acabado elegante en tono gris.\" width=\"750\" height=\"204\" srcset=\"https:\/\/www.colchonesselther.com\/cr\/wp-content\/uploads\/2024\/08\/kitelement_gris_telafrente.jpg 1500w, https:\/\/www.colchonesselther.com\/cr\/wp-content\/uploads\/2024\/08\/kitelement_gris_telafrente-300x82.jpg 300w, https:\/\/www.colchonesselther.com\/cr\/wp-content\/uploads\/2024\/08\/kitelement_gris_telafrente-1024x279.jpg 1024w, https:\/\/www.colchonesselther.com\/cr\/wp-content\/uploads\/2024\/08\/kitelement_gris_telafrente-768x209.jpg 768w, https:\/\/www.colchonesselther.com\/cr\/wp-content\/uploads\/2024\/08\/kitelement_gris_telafrente-600x163.jpg 600w\" sizes=\"(max-width: 750px) 100vw, 750px\" \/><\/p>\n<p>&nbsp;<\/p>\n<div style=\"text-align: center\">\n<p><img decoding=\"async\" class=\"alignnone wp-image-1546\" src=\"https:\/\/colchonesselther.com\/cr\/wp-content\/uploads\/2024\/08\/kitelement_gris_lateral-1.jpg\" alt=\"Vista lateral del Kit element en color gris con dise\u00f1o moderno.\" width=\"750\" height=\"204\" srcset=\"https:\/\/www.colchonesselther.com\/cr\/wp-content\/uploads\/2024\/08\/kitelement_gris_lateral-1.jpg 1500w, https:\/\/www.colchonesselther.com\/cr\/wp-content\/uploads\/2024\/08\/kitelement_gris_lateral-1-300x82.jpg 300w, https:\/\/www.colchonesselther.com\/cr\/wp-content\/uploads\/2024\/08\/kitelement_gris_lateral-1-1024x279.jpg 1024w, https:\/\/www.colchonesselther.com\/cr\/wp-content\/uploads\/2024\/08\/kitelement_gris_lateral-1-768x209.jpg 768w, https:\/\/www.colchonesselther.com\/cr\/wp-content\/uploads\/2024\/08\/kitelement_gris_lateral-1-600x163.jpg 600w\" sizes=\"(max-width: 750px) 100vw, 750px\" \/><\/p>\n<div>\n<p style=\"text-align: center\">CABECERAS<\/p>\n<h2 style=\"text-align: center\"><strong>DURABILIDAD<\/strong><\/h2>\n<p>Elegante tela de lino importado, Esponjas de alta densidad anti deformaciones, Madera de pino blanco tratado anti polilla. Pines de seguridad para m\u00e1s estabilidad.<\/p>\n<\/div>\n<p>&nbsp;<\/p>\n<\/div>\n","protected":false},"excerpt":{"rendered":"<p>Dise\u00f1o sofisticado de elegancia y calidez. Posee 1 a\u00f1o de Garant\u00eda.<\/p>\n","protected":false},"featured_media":2072,"comment_status":"open","ping_status":"closed","template":"","meta":[],"product_brand":[],"product_cat":[38],"product_tag":[23],"class_list":{"0":"post-540","1":"product","2":"type-product","3":"status-publish","4":"has-post-thumbnail","6":"product_cat-cabeceras-y-combos","7":"product_tag-intermedio","9":"first","10":"instock","11":"sale","12":"shipping-taxable","13":"purchasable","14":"product-type-variable","15":"has-default-attributes"},"yoast_head":"<!-- This site is optimized with the Yoast SEO plugin v26.8 - https:\/\/yoast.com\/product\/yoast-seo-wordpress\/ -->\n<title>Kit Element - Colchones Selther<\/title>\n<meta name=\"description\" content=\"Nuestro Kit Element de Selther, esta dise\u00f1ado para garantizar un descanso inigualable. Perfecto equilibrio entre confort y soporte un 1 a\u00f1o de Garant\u00eda.\" \/>\n<meta name=\"robots\" content=\"index, follow, max-snippet:-1, max-image-preview:large, max-video-preview:-1\" \/>\n<link rel=\"canonical\" href=\"https:\/\/colchonesselther.com\/cr\/producto\/element\/\" \/>\n<meta property=\"og:locale\" content=\"es_ES\" \/>\n<meta property=\"og:type\" content=\"article\" \/>\n<meta property=\"og:title\" content=\"Kit Element - Colchones Selther\" \/>\n<meta property=\"og:description\" content=\"Nuestro Kit Element de Selther, esta dise\u00f1ado para garantizar un descanso inigualable. Perfecto equilibrio entre confort y soporte un 1 a\u00f1o de Garant\u00eda.\" \/>\n<meta property=\"og:url\" content=\"https:\/\/colchonesselther.com\/cr\/producto\/element\/\" \/>\n<meta property=\"og:site_name\" content=\"Colchones Selther\" \/>\n<meta property=\"article:modified_time\" content=\"2026-05-04T17:22:59+00:00\" \/>\n<meta property=\"og:image\" content=\"https:\/\/colchonesselther.com\/cr\/wp-content\/uploads\/2024\/08\/kitelement_gris.jpg\" \/>\n\t<meta property=\"og:image:width\" content=\"1200\" \/>\n\t<meta property=\"og:image:height\" content=\"1200\" \/>\n\t<meta property=\"og:image:type\" content=\"image\/jpeg\" \/>\n<meta name=\"twitter:card\" content=\"summary_large_image\" \/>\n<meta name=\"twitter:label1\" content=\"Est. reading time\" \/>\n\t<meta name=\"twitter:data1\" content=\"1 minuto\" \/>\n<script type=\"application\/ld+json\" class=\"yoast-schema-graph\">{\"@context\":\"https:\/\/schema.org\",\"@graph\":[{\"@type\":\"WebPage\",\"@id\":\"https:\/\/colchonesselther.com\/cr\/producto\/element\/\",\"url\":\"https:\/\/colchonesselther.com\/cr\/producto\/element\/\",\"name\":\"Kit Element - Colchones Selther\",\"isPartOf\":{\"@id\":\"https:\/\/colchonesselther.com\/cr\/#website\"},\"primaryImageOfPage\":{\"@id\":\"https:\/\/colchonesselther.com\/cr\/producto\/element\/#primaryimage\"},\"image\":{\"@id\":\"https:\/\/colchonesselther.com\/cr\/producto\/element\/#primaryimage\"},\"thumbnailUrl\":\"https:\/\/www.colchonesselther.com\/cr\/wp-content\/uploads\/2024\/08\/kitelement_gris.jpg\",\"datePublished\":\"2024-08-28T14:49:48+00:00\",\"dateModified\":\"2026-05-04T17:22:59+00:00\",\"description\":\"Nuestro Kit Element de Selther, esta dise\u00f1ado para garantizar un descanso inigualable. Perfecto equilibrio entre confort y soporte un 1 a\u00f1o de Garant\u00eda.\",\"breadcrumb\":{\"@id\":\"https:\/\/colchonesselther.com\/cr\/producto\/element\/#breadcrumb\"},\"inLanguage\":\"es-CR\",\"potentialAction\":[{\"@type\":\"ReadAction\",\"target\":[\"https:\/\/colchonesselther.com\/cr\/producto\/element\/\"]}]},{\"@type\":\"ImageObject\",\"inLanguage\":\"es-CR\",\"@id\":\"https:\/\/colchonesselther.com\/cr\/producto\/element\/#primaryimage\",\"url\":\"https:\/\/www.colchonesselther.com\/cr\/wp-content\/uploads\/2024\/08\/kitelement_gris.jpg\",\"contentUrl\":\"https:\/\/www.colchonesselther.com\/cr\/wp-content\/uploads\/2024\/08\/kitelement_gris.jpg\",\"width\":1200,\"height\":1200,\"caption\":\"Foto Kit Element Gris- Selther\"},{\"@type\":\"BreadcrumbList\",\"@id\":\"https:\/\/colchonesselther.com\/cr\/producto\/element\/#breadcrumb\",\"itemListElement\":[{\"@type\":\"ListItem\",\"position\":1,\"name\":\"Portada\",\"item\":\"https:\/\/colchonesselther.com\/cr\/\"},{\"@type\":\"ListItem\",\"position\":2,\"name\":\"Tienda\",\"item\":\"https:\/\/colchonesselther.com\/cr\/tienda\/\"},{\"@type\":\"ListItem\",\"position\":3,\"name\":\"Kit Element\"}]},{\"@type\":\"WebSite\",\"@id\":\"https:\/\/colchonesselther.com\/cr\/#website\",\"url\":\"https:\/\/colchonesselther.com\/cr\/\",\"name\":\"Colchones Selther\",\"description\":\"Durabilidad Europea Hecha Colch\u00f3n\",\"publisher\":{\"@id\":\"https:\/\/colchonesselther.com\/cr\/#organization\"},\"potentialAction\":[{\"@type\":\"SearchAction\",\"target\":{\"@type\":\"EntryPoint\",\"urlTemplate\":\"https:\/\/colchonesselther.com\/cr\/?s={search_term_string}\"},\"query-input\":{\"@type\":\"PropertyValueSpecification\",\"valueRequired\":true,\"valueName\":\"search_term_string\"}}],\"inLanguage\":\"es-CR\"},{\"@type\":\"Organization\",\"@id\":\"https:\/\/colchonesselther.com\/cr\/#organization\",\"name\":\"Colchones Selther\",\"url\":\"https:\/\/colchonesselther.com\/cr\/\",\"logo\":{\"@type\":\"ImageObject\",\"inLanguage\":\"es-CR\",\"@id\":\"https:\/\/colchonesselther.com\/cr\/#\/schema\/logo\/image\/\",\"url\":\"https:\/\/www.colchonesselther.com\/cr\/wp-content\/uploads\/2024\/07\/LOGO-SELTHER-SMALL.webp\",\"contentUrl\":\"https:\/\/www.colchonesselther.com\/cr\/wp-content\/uploads\/2024\/07\/LOGO-SELTHER-SMALL.webp\",\"width\":650,\"height\":189,\"caption\":\"Colchones Selther\"},\"image\":{\"@id\":\"https:\/\/colchonesselther.com\/cr\/#\/schema\/logo\/image\/\"}}]}<\/script>\n<!-- \/ Yoast SEO plugin. -->","yoast_head_json":{"title":"Kit Element - Colchones Selther","description":"Nuestro Kit Element de Selther, esta dise\u00f1ado para garantizar un descanso inigualable. Perfecto equilibrio entre confort y soporte un 1 a\u00f1o de Garant\u00eda.","robots":{"index":"index","follow":"follow","max-snippet":"max-snippet:-1","max-image-preview":"max-image-preview:large","max-video-preview":"max-video-preview:-1"},"canonical":"https:\/\/colchonesselther.com\/cr\/producto\/element\/","og_locale":"es_ES","og_type":"article","og_title":"Kit Element - Colchones Selther","og_description":"Nuestro Kit Element de Selther, esta dise\u00f1ado para garantizar un descanso inigualable. Perfecto equilibrio entre confort y soporte un 1 a\u00f1o de Garant\u00eda.","og_url":"https:\/\/colchonesselther.com\/cr\/producto\/element\/","og_site_name":"Colchones Selther","article_modified_time":"2026-05-04T17:22:59+00:00","og_image":[{"width":1200,"height":1200,"url":"https:\/\/colchonesselther.com\/cr\/wp-content\/uploads\/2024\/08\/kitelement_gris.jpg","type":"image\/jpeg"}],"twitter_card":"summary_large_image","twitter_misc":{"Est. reading time":"1 minuto"},"schema":{"@context":"https:\/\/schema.org","@graph":[{"@type":"WebPage","@id":"https:\/\/colchonesselther.com\/cr\/producto\/element\/","url":"https:\/\/colchonesselther.com\/cr\/producto\/element\/","name":"Kit Element - Colchones Selther","isPartOf":{"@id":"https:\/\/colchonesselther.com\/cr\/#website"},"primaryImageOfPage":{"@id":"https:\/\/colchonesselther.com\/cr\/producto\/element\/#primaryimage"},"image":{"@id":"https:\/\/colchonesselther.com\/cr\/producto\/element\/#primaryimage"},"thumbnailUrl":"https:\/\/www.colchonesselther.com\/cr\/wp-content\/uploads\/2024\/08\/kitelement_gris.jpg","datePublished":"2024-08-28T14:49:48+00:00","dateModified":"2026-05-04T17:22:59+00:00","description":"Nuestro Kit Element de Selther, esta dise\u00f1ado para garantizar un descanso inigualable. Perfecto equilibrio entre confort y soporte un 1 a\u00f1o de Garant\u00eda.","breadcrumb":{"@id":"https:\/\/colchonesselther.com\/cr\/producto\/element\/#breadcrumb"},"inLanguage":"es-CR","potentialAction":[{"@type":"ReadAction","target":["https:\/\/colchonesselther.com\/cr\/producto\/element\/"]}]},{"@type":"ImageObject","inLanguage":"es-CR","@id":"https:\/\/colchonesselther.com\/cr\/producto\/element\/#primaryimage","url":"https:\/\/www.colchonesselther.com\/cr\/wp-content\/uploads\/2024\/08\/kitelement_gris.jpg","contentUrl":"https:\/\/www.colchonesselther.com\/cr\/wp-content\/uploads\/2024\/08\/kitelement_gris.jpg","width":1200,"height":1200,"caption":"Foto Kit Element Gris- Selther"},{"@type":"BreadcrumbList","@id":"https:\/\/colchonesselther.com\/cr\/producto\/element\/#breadcrumb","itemListElement":[{"@type":"ListItem","position":1,"name":"Portada","item":"https:\/\/colchonesselther.com\/cr\/"},{"@type":"ListItem","position":2,"name":"Tienda","item":"https:\/\/colchonesselther.com\/cr\/tienda\/"},{"@type":"ListItem","position":3,"name":"Kit Element"}]},{"@type":"WebSite","@id":"https:\/\/colchonesselther.com\/cr\/#website","url":"https:\/\/colchonesselther.com\/cr\/","name":"Colchones Selther","description":"Durabilidad Europea Hecha Colch\u00f3n","publisher":{"@id":"https:\/\/colchonesselther.com\/cr\/#organization"},"potentialAction":[{"@type":"SearchAction","target":{"@type":"EntryPoint","urlTemplate":"https:\/\/colchonesselther.com\/cr\/?s={search_term_string}"},"query-input":{"@type":"PropertyValueSpecification","valueRequired":true,"valueName":"search_term_string"}}],"inLanguage":"es-CR"},{"@type":"Organization","@id":"https:\/\/colchonesselther.com\/cr\/#organization","name":"Colchones Selther","url":"https:\/\/colchonesselther.com\/cr\/","logo":{"@type":"ImageObject","inLanguage":"es-CR","@id":"https:\/\/colchonesselther.com\/cr\/#\/schema\/logo\/image\/","url":"https:\/\/www.colchonesselther.com\/cr\/wp-content\/uploads\/2024\/07\/LOGO-SELTHER-SMALL.webp","contentUrl":"https:\/\/www.colchonesselther.com\/cr\/wp-content\/uploads\/2024\/07\/LOGO-SELTHER-SMALL.webp","width":650,"height":189,"caption":"Colchones Selther"},"image":{"@id":"https:\/\/colchonesselther.com\/cr\/#\/schema\/logo\/image\/"}}]}},"_links":{"self":[{"href":"https:\/\/www.colchonesselther.com\/cr\/wp-json\/wp\/v2\/product\/540","targetHints":{"allow":["GET"]}}],"collection":[{"href":"https:\/\/www.colchonesselther.com\/cr\/wp-json\/wp\/v2\/product"}],"about":[{"href":"https:\/\/www.colchonesselther.com\/cr\/wp-json\/wp\/v2\/types\/product"}],"replies":[{"embeddable":true,"href":"https:\/\/www.colchonesselther.com\/cr\/wp-json\/wp\/v2\/comments?post=540"}],"wp:featuredmedia":[{"embeddable":true,"href":"https:\/\/www.colchonesselther.com\/cr\/wp-json\/wp\/v2\/media\/2072"}],"wp:attachment":[{"href":"https:\/\/www.colchonesselther.com\/cr\/wp-json\/wp\/v2\/media?parent=540"}],"wp:term":[{"taxonomy":"product_brand","embeddable":true,"href":"https:\/\/www.colchonesselther.com\/cr\/wp-json\/wp\/v2\/product_brand?post=540"},{"taxonomy":"product_cat","embeddable":true,"href":"https:\/\/www.colchonesselther.com\/cr\/wp-json\/wp\/v2\/product_cat?post=540"},{"taxonomy":"product_tag","embeddable":true,"href":"https:\/\/www.colchonesselther.com\/cr\/wp-json\/wp\/v2\/product_tag?post=540"}],"curies":[{"name":"wp","href":"https:\/\/api.w.org\/{rel}","templated":true}]}}