{"id":484,"date":"2024-08-27T15:13:37","date_gmt":"2024-08-27T21:13:37","guid":{"rendered":"https:\/\/colchonesselther.com\/cr\/?post_type=product&#038;p=484"},"modified":"2026-03-04T15:20:30","modified_gmt":"2026-03-04T21:20:30","slug":"espuma","status":"publish","type":"product","link":"https:\/\/www.colchonesselther.com\/cr\/producto\/espuma\/","title":{"rendered":"Little Selther 100% Espuma"},"content":{"rendered":"<p>&nbsp;<\/p>\n<div style=\"grid-template-columns: 1fr 2fr;grid-template-rows: 1fr;grid-column-gap: 10px;grid-row-gap: 10px\">\n<div>\n<p style=\"text-align: center\">LITTLE SELTHER<\/p>\n<h2 style=\"text-align: center\"><strong>COMODIDAD<\/strong><\/h2>\n<p>Combinaci\u00f3n perfecta de comodidad y seguridad para el descanso de tu beb\u00e9.<\/p>\n<\/div>\n<div><img fetchpriority=\"high\" decoding=\"async\" class=\"alignnone wp-image-1670\" src=\"https:\/\/colchonesselther.com\/cr\/wp-content\/uploads\/2024\/08\/espumas_capa.jpg\" alt=\"Corte transversal mostrando las diferentes capas de espuma del colch\u00f3n.\" width=\"750\" height=\"204\" srcset=\"https:\/\/www.colchonesselther.com\/cr\/wp-content\/uploads\/2024\/08\/espumas_capa.jpg 1500w, https:\/\/www.colchonesselther.com\/cr\/wp-content\/uploads\/2024\/08\/espumas_capa-300x82.jpg 300w, https:\/\/www.colchonesselther.com\/cr\/wp-content\/uploads\/2024\/08\/espumas_capa-1024x279.jpg 1024w, https:\/\/www.colchonesselther.com\/cr\/wp-content\/uploads\/2024\/08\/espumas_capa-768x209.jpg 768w, https:\/\/www.colchonesselther.com\/cr\/wp-content\/uploads\/2024\/08\/espumas_capa-600x163.jpg 600w\" sizes=\"(max-width: 750px) 100vw, 750px\" \/><\/div>\n<\/div>\n<p>&nbsp;<\/p>\n<div style=\"grid-template-columns: 2fr 1fr;grid-template-rows: 1fr;grid-column-gap: 10px;grid-row-gap: 10px\">\n<div>\n<p><img decoding=\"async\" class=\"alignnone wp-image-1671\" src=\"https:\/\/colchonesselther.com\/cr\/wp-content\/uploads\/2024\/08\/espumas_lateral.jpg\" alt=\"Vista lateral del colch\u00f3n con estructura de espuma de alta densidad.\" width=\"750\" height=\"204\" srcset=\"https:\/\/www.colchonesselther.com\/cr\/wp-content\/uploads\/2024\/08\/espumas_lateral.jpg 1500w, https:\/\/www.colchonesselther.com\/cr\/wp-content\/uploads\/2024\/08\/espumas_lateral-300x82.jpg 300w, https:\/\/www.colchonesselther.com\/cr\/wp-content\/uploads\/2024\/08\/espumas_lateral-1024x279.jpg 1024w, https:\/\/www.colchonesselther.com\/cr\/wp-content\/uploads\/2024\/08\/espumas_lateral-768x209.jpg 768w, https:\/\/www.colchonesselther.com\/cr\/wp-content\/uploads\/2024\/08\/espumas_lateral-600x163.jpg 600w\" sizes=\"(max-width: 750px) 100vw, 750px\" \/><\/p>\n<\/div>\n<div>\n<p style=\"text-align: center\">LITTLE SELTHER<\/p>\n<h2 style=\"text-align: center\"><strong>INNOVADOR<\/strong><\/h2>\n<p>Colch\u00f3n con beneficios innovadores dise\u00f1ado para beb\u00e9s.<\/p>\n<\/div>\n<\/div>\n<p>&nbsp;<\/p>\n","protected":false},"excerpt":{"rendered":"<p>&nbsp; LITTLE SELTHER COMODIDAD Combinaci\u00f3n perfecta de comodidad y seguridad para el descanso de tu beb\u00e9. &nbsp; LITTLE SELTHER INNOVADOR Colch\u00f3n con beneficios innovadores dise\u00f1ado para beb\u00e9s. &nbsp;<\/p>\n","protected":false},"featured_media":2111,"comment_status":"open","ping_status":"closed","template":"","meta":[],"product_brand":[],"product_cat":[36,21,39],"product_tag":[22],"class_list":{"0":"post-484","1":"product","2":"type-product","3":"status-publish","4":"has-post-thumbnail","6":"product_cat-baby-selther","7":"product_cat-colchones","8":"product_cat-cuna","9":"product_tag-suave","11":"first","12":"instock","13":"sale","14":"shipping-taxable","15":"purchasable","16":"product-type-variable","17":"has-default-attributes"},"yoast_head":"<!-- This site is optimized with the Yoast SEO plugin v26.8 - https:\/\/yoast.com\/product\/yoast-seo-wordpress\/ -->\n<title>Little Selther 100% Espuma - Colchones Selther<\/title>\n<meta name=\"description\" content=\"Materiales de alta calidad, tela impermeable resistente a salpicaduras de agua que cuentan con soporte medio para promover un desarrollo saludable.\" \/>\n<meta name=\"robots\" content=\"index, follow, max-snippet:-1, max-image-preview:large, max-video-preview:-1\" \/>\n<link rel=\"canonical\" href=\"https:\/\/colchonesselther.com\/cr\/producto\/espuma\/\" \/>\n<meta property=\"og:locale\" content=\"es_ES\" \/>\n<meta property=\"og:type\" content=\"article\" \/>\n<meta property=\"og:title\" content=\"Little Selther 100% Espuma - Colchones Selther\" \/>\n<meta property=\"og:description\" content=\"Materiales de alta calidad, tela impermeable resistente a salpicaduras de agua que cuentan con soporte medio para promover un desarrollo saludable.\" \/>\n<meta property=\"og:url\" content=\"https:\/\/colchonesselther.com\/cr\/producto\/espuma\/\" \/>\n<meta property=\"og:site_name\" content=\"Colchones Selther\" \/>\n<meta property=\"article:modified_time\" content=\"2026-03-04T21:20:30+00:00\" \/>\n<meta property=\"og:image\" content=\"https:\/\/colchonesselther.com\/cr\/wp-content\/uploads\/2024\/08\/littleselther_espuma.jpg\" \/>\n\t<meta property=\"og:image:width\" content=\"1200\" \/>\n\t<meta property=\"og:image:height\" content=\"1200\" \/>\n\t<meta property=\"og:image:type\" content=\"image\/jpeg\" \/>\n<meta name=\"twitter:card\" content=\"summary_large_image\" \/>\n<meta name=\"twitter:label1\" content=\"Est. reading time\" \/>\n\t<meta name=\"twitter:data1\" content=\"1 minuto\" \/>\n<script type=\"application\/ld+json\" class=\"yoast-schema-graph\">{\"@context\":\"https:\/\/schema.org\",\"@graph\":[{\"@type\":\"WebPage\",\"@id\":\"https:\/\/colchonesselther.com\/cr\/producto\/espuma\/\",\"url\":\"https:\/\/colchonesselther.com\/cr\/producto\/espuma\/\",\"name\":\"Little Selther 100% Espuma - Colchones Selther\",\"isPartOf\":{\"@id\":\"https:\/\/colchonesselther.com\/cr\/#website\"},\"primaryImageOfPage\":{\"@id\":\"https:\/\/colchonesselther.com\/cr\/producto\/espuma\/#primaryimage\"},\"image\":{\"@id\":\"https:\/\/colchonesselther.com\/cr\/producto\/espuma\/#primaryimage\"},\"thumbnailUrl\":\"https:\/\/www.colchonesselther.com\/cr\/wp-content\/uploads\/2024\/08\/littleselther_espuma.jpg\",\"datePublished\":\"2024-08-27T21:13:37+00:00\",\"dateModified\":\"2026-03-04T21:20:30+00:00\",\"description\":\"Materiales de alta calidad, tela impermeable resistente a salpicaduras de agua que cuentan con soporte medio para promover un desarrollo saludable.\",\"breadcrumb\":{\"@id\":\"https:\/\/colchonesselther.com\/cr\/producto\/espuma\/#breadcrumb\"},\"inLanguage\":\"es-CR\",\"potentialAction\":[{\"@type\":\"ReadAction\",\"target\":[\"https:\/\/colchonesselther.com\/cr\/producto\/espuma\/\"]}]},{\"@type\":\"ImageObject\",\"inLanguage\":\"es-CR\",\"@id\":\"https:\/\/colchonesselther.com\/cr\/producto\/espuma\/#primaryimage\",\"url\":\"https:\/\/www.colchonesselther.com\/cr\/wp-content\/uploads\/2024\/08\/littleselther_espuma.jpg\",\"contentUrl\":\"https:\/\/www.colchonesselther.com\/cr\/wp-content\/uploads\/2024\/08\/littleselther_espuma.jpg\",\"width\":1200,\"height\":1200,\"caption\":\"Foto colch\u00f3n Little Selther Espuma\"},{\"@type\":\"BreadcrumbList\",\"@id\":\"https:\/\/colchonesselther.com\/cr\/producto\/espuma\/#breadcrumb\",\"itemListElement\":[{\"@type\":\"ListItem\",\"position\":1,\"name\":\"Portada\",\"item\":\"https:\/\/colchonesselther.com\/cr\/\"},{\"@type\":\"ListItem\",\"position\":2,\"name\":\"Tienda\",\"item\":\"https:\/\/colchonesselther.com\/cr\/tienda\/\"},{\"@type\":\"ListItem\",\"position\":3,\"name\":\"Little Selther 100% Espuma\"}]},{\"@type\":\"WebSite\",\"@id\":\"https:\/\/colchonesselther.com\/cr\/#website\",\"url\":\"https:\/\/colchonesselther.com\/cr\/\",\"name\":\"Colchones Selther\",\"description\":\"Durabilidad Europea Hecha Colch\u00f3n\",\"publisher\":{\"@id\":\"https:\/\/colchonesselther.com\/cr\/#organization\"},\"potentialAction\":[{\"@type\":\"SearchAction\",\"target\":{\"@type\":\"EntryPoint\",\"urlTemplate\":\"https:\/\/colchonesselther.com\/cr\/?s={search_term_string}\"},\"query-input\":{\"@type\":\"PropertyValueSpecification\",\"valueRequired\":true,\"valueName\":\"search_term_string\"}}],\"inLanguage\":\"es-CR\"},{\"@type\":\"Organization\",\"@id\":\"https:\/\/colchonesselther.com\/cr\/#organization\",\"name\":\"Colchones Selther\",\"url\":\"https:\/\/colchonesselther.com\/cr\/\",\"logo\":{\"@type\":\"ImageObject\",\"inLanguage\":\"es-CR\",\"@id\":\"https:\/\/colchonesselther.com\/cr\/#\/schema\/logo\/image\/\",\"url\":\"https:\/\/www.colchonesselther.com\/cr\/wp-content\/uploads\/2024\/07\/LOGO-SELTHER-SMALL.webp\",\"contentUrl\":\"https:\/\/www.colchonesselther.com\/cr\/wp-content\/uploads\/2024\/07\/LOGO-SELTHER-SMALL.webp\",\"width\":650,\"height\":189,\"caption\":\"Colchones Selther\"},\"image\":{\"@id\":\"https:\/\/colchonesselther.com\/cr\/#\/schema\/logo\/image\/\"}}]}<\/script>\n<!-- \/ Yoast SEO plugin. -->","yoast_head_json":{"title":"Little Selther 100% Espuma - Colchones Selther","description":"Materiales de alta calidad, tela impermeable resistente a salpicaduras de agua que cuentan con soporte medio para promover un desarrollo saludable.","robots":{"index":"index","follow":"follow","max-snippet":"max-snippet:-1","max-image-preview":"max-image-preview:large","max-video-preview":"max-video-preview:-1"},"canonical":"https:\/\/colchonesselther.com\/cr\/producto\/espuma\/","og_locale":"es_ES","og_type":"article","og_title":"Little Selther 100% Espuma - Colchones Selther","og_description":"Materiales de alta calidad, tela impermeable resistente a salpicaduras de agua que cuentan con soporte medio para promover un desarrollo saludable.","og_url":"https:\/\/colchonesselther.com\/cr\/producto\/espuma\/","og_site_name":"Colchones Selther","article_modified_time":"2026-03-04T21:20:30+00:00","og_image":[{"width":1200,"height":1200,"url":"https:\/\/colchonesselther.com\/cr\/wp-content\/uploads\/2024\/08\/littleselther_espuma.jpg","type":"image\/jpeg"}],"twitter_card":"summary_large_image","twitter_misc":{"Est. reading time":"1 minuto"},"schema":{"@context":"https:\/\/schema.org","@graph":[{"@type":"WebPage","@id":"https:\/\/colchonesselther.com\/cr\/producto\/espuma\/","url":"https:\/\/colchonesselther.com\/cr\/producto\/espuma\/","name":"Little Selther 100% Espuma - Colchones Selther","isPartOf":{"@id":"https:\/\/colchonesselther.com\/cr\/#website"},"primaryImageOfPage":{"@id":"https:\/\/colchonesselther.com\/cr\/producto\/espuma\/#primaryimage"},"image":{"@id":"https:\/\/colchonesselther.com\/cr\/producto\/espuma\/#primaryimage"},"thumbnailUrl":"https:\/\/www.colchonesselther.com\/cr\/wp-content\/uploads\/2024\/08\/littleselther_espuma.jpg","datePublished":"2024-08-27T21:13:37+00:00","dateModified":"2026-03-04T21:20:30+00:00","description":"Materiales de alta calidad, tela impermeable resistente a salpicaduras de agua que cuentan con soporte medio para promover un desarrollo saludable.","breadcrumb":{"@id":"https:\/\/colchonesselther.com\/cr\/producto\/espuma\/#breadcrumb"},"inLanguage":"es-CR","potentialAction":[{"@type":"ReadAction","target":["https:\/\/colchonesselther.com\/cr\/producto\/espuma\/"]}]},{"@type":"ImageObject","inLanguage":"es-CR","@id":"https:\/\/colchonesselther.com\/cr\/producto\/espuma\/#primaryimage","url":"https:\/\/www.colchonesselther.com\/cr\/wp-content\/uploads\/2024\/08\/littleselther_espuma.jpg","contentUrl":"https:\/\/www.colchonesselther.com\/cr\/wp-content\/uploads\/2024\/08\/littleselther_espuma.jpg","width":1200,"height":1200,"caption":"Foto colch\u00f3n Little Selther Espuma"},{"@type":"BreadcrumbList","@id":"https:\/\/colchonesselther.com\/cr\/producto\/espuma\/#breadcrumb","itemListElement":[{"@type":"ListItem","position":1,"name":"Portada","item":"https:\/\/colchonesselther.com\/cr\/"},{"@type":"ListItem","position":2,"name":"Tienda","item":"https:\/\/colchonesselther.com\/cr\/tienda\/"},{"@type":"ListItem","position":3,"name":"Little Selther 100% Espuma"}]},{"@type":"WebSite","@id":"https:\/\/colchonesselther.com\/cr\/#website","url":"https:\/\/colchonesselther.com\/cr\/","name":"Colchones Selther","description":"Durabilidad Europea Hecha Colch\u00f3n","publisher":{"@id":"https:\/\/colchonesselther.com\/cr\/#organization"},"potentialAction":[{"@type":"SearchAction","target":{"@type":"EntryPoint","urlTemplate":"https:\/\/colchonesselther.com\/cr\/?s={search_term_string}"},"query-input":{"@type":"PropertyValueSpecification","valueRequired":true,"valueName":"search_term_string"}}],"inLanguage":"es-CR"},{"@type":"Organization","@id":"https:\/\/colchonesselther.com\/cr\/#organization","name":"Colchones Selther","url":"https:\/\/colchonesselther.com\/cr\/","logo":{"@type":"ImageObject","inLanguage":"es-CR","@id":"https:\/\/colchonesselther.com\/cr\/#\/schema\/logo\/image\/","url":"https:\/\/www.colchonesselther.com\/cr\/wp-content\/uploads\/2024\/07\/LOGO-SELTHER-SMALL.webp","contentUrl":"https:\/\/www.colchonesselther.com\/cr\/wp-content\/uploads\/2024\/07\/LOGO-SELTHER-SMALL.webp","width":650,"height":189,"caption":"Colchones Selther"},"image":{"@id":"https:\/\/colchonesselther.com\/cr\/#\/schema\/logo\/image\/"}}]}},"_links":{"self":[{"href":"https:\/\/www.colchonesselther.com\/cr\/wp-json\/wp\/v2\/product\/484","targetHints":{"allow":["GET"]}}],"collection":[{"href":"https:\/\/www.colchonesselther.com\/cr\/wp-json\/wp\/v2\/product"}],"about":[{"href":"https:\/\/www.colchonesselther.com\/cr\/wp-json\/wp\/v2\/types\/product"}],"replies":[{"embeddable":true,"href":"https:\/\/www.colchonesselther.com\/cr\/wp-json\/wp\/v2\/comments?post=484"}],"wp:featuredmedia":[{"embeddable":true,"href":"https:\/\/www.colchonesselther.com\/cr\/wp-json\/wp\/v2\/media\/2111"}],"wp:attachment":[{"href":"https:\/\/www.colchonesselther.com\/cr\/wp-json\/wp\/v2\/media?parent=484"}],"wp:term":[{"taxonomy":"product_brand","embeddable":true,"href":"https:\/\/www.colchonesselther.com\/cr\/wp-json\/wp\/v2\/product_brand?post=484"},{"taxonomy":"product_cat","embeddable":true,"href":"https:\/\/www.colchonesselther.com\/cr\/wp-json\/wp\/v2\/product_cat?post=484"},{"taxonomy":"product_tag","embeddable":true,"href":"https:\/\/www.colchonesselther.com\/cr\/wp-json\/wp\/v2\/product_tag?post=484"}],"curies":[{"name":"wp","href":"https:\/\/api.w.org\/{rel}","templated":true}]}}