{"id":426,"date":"2024-08-27T12:46:39","date_gmt":"2024-08-27T18:46:39","guid":{"rendered":"https:\/\/colchonesselther.com\/cr\/?post_type=product&#038;p=426"},"modified":"2026-03-04T15:20:35","modified_gmt":"2026-03-04T21:20:35","slug":"duvet-light","status":"publish","type":"product","link":"https:\/\/www.colchonesselther.com\/cr\/producto\/duvet-light\/","title":{"rendered":"Duvet Light"},"content":{"rendered":"<p>&nbsp;<\/p>\n<div style=\"grid-template-columns: 1fr 2fr; grid-template-rows: 1fr; grid-column-gap: 10px; grid-row-gap: 10px;\">\n<div><\/div>\n<\/div>\n<p><img fetchpriority=\"high\" decoding=\"async\" class=\"alignnone wp-image-2565\" src=\"https:\/\/colchonesselther.com\/cr\/wp-content\/uploads\/2024\/08\/seltherbeneficios_duvet_light-100.jpg\" alt=\"\" width=\"550\" height=\"185\" srcset=\"https:\/\/www.colchonesselther.com\/cr\/wp-content\/uploads\/2024\/08\/seltherbeneficios_duvet_light-100.jpg 611w, https:\/\/www.colchonesselther.com\/cr\/wp-content\/uploads\/2024\/08\/seltherbeneficios_duvet_light-100-300x101.jpg 300w, https:\/\/www.colchonesselther.com\/cr\/wp-content\/uploads\/2024\/08\/seltherbeneficios_duvet_light-100-600x202.jpg 600w\" sizes=\"(max-width: 550px) 100vw, 550px\" \/> <img decoding=\"async\" class=\"alignnone wp-image-2566\" src=\"https:\/\/colchonesselther.com\/cr\/wp-content\/uploads\/2024\/08\/seltherbeneficios_duvet_light-101.jpg\" alt=\"\" width=\"550\" height=\"150\" srcset=\"https:\/\/www.colchonesselther.com\/cr\/wp-content\/uploads\/2024\/08\/seltherbeneficios_duvet_light-101.jpg 756w, https:\/\/www.colchonesselther.com\/cr\/wp-content\/uploads\/2024\/08\/seltherbeneficios_duvet_light-101-300x82.jpg 300w, https:\/\/www.colchonesselther.com\/cr\/wp-content\/uploads\/2024\/08\/seltherbeneficios_duvet_light-101-600x163.jpg 600w\" sizes=\"(max-width: 550px) 100vw, 550px\" \/> <img decoding=\"async\" class=\"alignnone wp-image-2567\" src=\"https:\/\/colchonesselther.com\/cr\/wp-content\/uploads\/2024\/08\/seltherbeneficios_duvet_light-102.jpg\" alt=\"\" width=\"550\" height=\"150\" srcset=\"https:\/\/www.colchonesselther.com\/cr\/wp-content\/uploads\/2024\/08\/seltherbeneficios_duvet_light-102.jpg 756w, https:\/\/www.colchonesselther.com\/cr\/wp-content\/uploads\/2024\/08\/seltherbeneficios_duvet_light-102-300x82.jpg 300w, https:\/\/www.colchonesselther.com\/cr\/wp-content\/uploads\/2024\/08\/seltherbeneficios_duvet_light-102-600x163.jpg 600w\" sizes=\"(max-width: 550px) 100vw, 550px\" \/> <img loading=\"lazy\" decoding=\"async\" class=\"alignnone wp-image-2568\" src=\"https:\/\/colchonesselther.com\/cr\/wp-content\/uploads\/2024\/08\/seltherbeneficios_duvet_light-103.jpg\" alt=\"\" width=\"550\" height=\"185\" srcset=\"https:\/\/www.colchonesselther.com\/cr\/wp-content\/uploads\/2024\/08\/seltherbeneficios_duvet_light-103.jpg 611w, https:\/\/www.colchonesselther.com\/cr\/wp-content\/uploads\/2024\/08\/seltherbeneficios_duvet_light-103-300x101.jpg 300w, https:\/\/www.colchonesselther.com\/cr\/wp-content\/uploads\/2024\/08\/seltherbeneficios_duvet_light-103-600x202.jpg 600w\" sizes=\"(max-width: 550px) 100vw, 550px\" \/><\/p>\n<p>&nbsp;<\/p>\n","protected":false},"excerpt":{"rendered":"<p>Dale un toque acogedor a tu cama con nuestro Duvet Light, dise\u00f1ado para ofrecerte el balance perfecto entre suavidad, calidez y durabilidad. Su material ligero y f\u00e1cil de lavar lo hace ideal para el uso diario, brind\u00e1ndote el confort que necesitas sin complicaciones.<\/p>\n","protected":false},"featured_media":2557,"comment_status":"open","ping_status":"closed","template":"","meta":[],"product_brand":[],"product_cat":[29,35],"product_tag":[],"class_list":{"0":"post-426","1":"product","2":"type-product","3":"status-publish","4":"has-post-thumbnail","6":"product_cat-accesorios","7":"product_cat-duvet","9":"first","10":"instock","11":"sale","12":"shipping-taxable","13":"purchasable","14":"product-type-variable","15":"has-default-attributes"},"yoast_head":"<!-- This site is optimized with the Yoast SEO plugin v26.8 - https:\/\/yoast.com\/product\/yoast-seo-wordpress\/ -->\n<title>Duvet Light - Colchones Selther<\/title>\n<meta name=\"description\" content=\"Protege tu colch\u00f3n con el protector Duvet Selther. fabricado en Polyester de alta calidad y durabilidad para cuidar tu inversi\u00f3n. \u00a1Conoce m\u00e1s!\" \/>\n<meta name=\"robots\" content=\"index, follow, max-snippet:-1, max-image-preview:large, max-video-preview:-1\" \/>\n<link rel=\"canonical\" href=\"https:\/\/www.colchonesselther.com\/cr\/producto\/duvet-light\/\" \/>\n<meta property=\"og:locale\" content=\"es_ES\" \/>\n<meta property=\"og:type\" content=\"article\" \/>\n<meta property=\"og:title\" content=\"Duvet Light - Colchones Selther\" \/>\n<meta property=\"og:description\" content=\"Protege tu colch\u00f3n con el protector Duvet Selther. fabricado en Polyester de alta calidad y durabilidad para cuidar tu inversi\u00f3n. \u00a1Conoce m\u00e1s!\" \/>\n<meta property=\"og:url\" content=\"https:\/\/www.colchonesselther.com\/cr\/producto\/duvet-light\/\" \/>\n<meta property=\"og:site_name\" content=\"Colchones Selther\" \/>\n<meta property=\"article:modified_time\" content=\"2026-03-04T21:20:35+00:00\" \/>\n<meta property=\"og:image\" content=\"https:\/\/www.colchonesselther.com\/cr\/wp-content\/uploads\/2024\/08\/duvet_01.jpg\" \/>\n\t<meta property=\"og:image:width\" content=\"1200\" \/>\n\t<meta property=\"og:image:height\" content=\"1200\" \/>\n\t<meta property=\"og:image:type\" content=\"image\/jpeg\" \/>\n<meta name=\"twitter:card\" content=\"summary_large_image\" \/>\n<meta name=\"twitter:label1\" content=\"Est. reading time\" \/>\n\t<meta name=\"twitter:data1\" content=\"1 minuto\" \/>\n<script type=\"application\/ld+json\" class=\"yoast-schema-graph\">{\"@context\":\"https:\/\/schema.org\",\"@graph\":[{\"@type\":\"WebPage\",\"@id\":\"https:\/\/www.colchonesselther.com\/cr\/producto\/duvet-light\/\",\"url\":\"https:\/\/www.colchonesselther.com\/cr\/producto\/duvet-light\/\",\"name\":\"Duvet Light - Colchones Selther\",\"isPartOf\":{\"@id\":\"https:\/\/colchonesselther.com\/cr\/#website\"},\"primaryImageOfPage\":{\"@id\":\"https:\/\/www.colchonesselther.com\/cr\/producto\/duvet-light\/#primaryimage\"},\"image\":{\"@id\":\"https:\/\/www.colchonesselther.com\/cr\/producto\/duvet-light\/#primaryimage\"},\"thumbnailUrl\":\"https:\/\/www.colchonesselther.com\/cr\/wp-content\/uploads\/2024\/08\/duvet_01.jpg\",\"datePublished\":\"2024-08-27T18:46:39+00:00\",\"dateModified\":\"2026-03-04T21:20:35+00:00\",\"description\":\"Protege tu colch\u00f3n con el protector Duvet Selther. fabricado en Polyester de alta calidad y durabilidad para cuidar tu inversi\u00f3n. \u00a1Conoce m\u00e1s!\",\"breadcrumb\":{\"@id\":\"https:\/\/www.colchonesselther.com\/cr\/producto\/duvet-light\/#breadcrumb\"},\"inLanguage\":\"es-CR\",\"potentialAction\":[{\"@type\":\"ReadAction\",\"target\":[\"https:\/\/www.colchonesselther.com\/cr\/producto\/duvet-light\/\"]}]},{\"@type\":\"ImageObject\",\"inLanguage\":\"es-CR\",\"@id\":\"https:\/\/www.colchonesselther.com\/cr\/producto\/duvet-light\/#primaryimage\",\"url\":\"https:\/\/www.colchonesselther.com\/cr\/wp-content\/uploads\/2024\/08\/duvet_01.jpg\",\"contentUrl\":\"https:\/\/www.colchonesselther.com\/cr\/wp-content\/uploads\/2024\/08\/duvet_01.jpg\",\"width\":1200,\"height\":1200},{\"@type\":\"BreadcrumbList\",\"@id\":\"https:\/\/www.colchonesselther.com\/cr\/producto\/duvet-light\/#breadcrumb\",\"itemListElement\":[{\"@type\":\"ListItem\",\"position\":1,\"name\":\"Portada\",\"item\":\"https:\/\/colchonesselther.com\/cr\/\"},{\"@type\":\"ListItem\",\"position\":2,\"name\":\"Tienda\",\"item\":\"https:\/\/colchonesselther.com\/cr\/tienda\/\"},{\"@type\":\"ListItem\",\"position\":3,\"name\":\"Duvet Light\"}]},{\"@type\":\"WebSite\",\"@id\":\"https:\/\/colchonesselther.com\/cr\/#website\",\"url\":\"https:\/\/colchonesselther.com\/cr\/\",\"name\":\"Colchones Selther\",\"description\":\"Durabilidad Europea Hecha Colch\u00f3n\",\"publisher\":{\"@id\":\"https:\/\/colchonesselther.com\/cr\/#organization\"},\"potentialAction\":[{\"@type\":\"SearchAction\",\"target\":{\"@type\":\"EntryPoint\",\"urlTemplate\":\"https:\/\/colchonesselther.com\/cr\/?s={search_term_string}\"},\"query-input\":{\"@type\":\"PropertyValueSpecification\",\"valueRequired\":true,\"valueName\":\"search_term_string\"}}],\"inLanguage\":\"es-CR\"},{\"@type\":\"Organization\",\"@id\":\"https:\/\/colchonesselther.com\/cr\/#organization\",\"name\":\"Colchones Selther\",\"url\":\"https:\/\/colchonesselther.com\/cr\/\",\"logo\":{\"@type\":\"ImageObject\",\"inLanguage\":\"es-CR\",\"@id\":\"https:\/\/colchonesselther.com\/cr\/#\/schema\/logo\/image\/\",\"url\":\"https:\/\/www.colchonesselther.com\/cr\/wp-content\/uploads\/2024\/07\/LOGO-SELTHER-SMALL.webp\",\"contentUrl\":\"https:\/\/www.colchonesselther.com\/cr\/wp-content\/uploads\/2024\/07\/LOGO-SELTHER-SMALL.webp\",\"width\":650,\"height\":189,\"caption\":\"Colchones Selther\"},\"image\":{\"@id\":\"https:\/\/colchonesselther.com\/cr\/#\/schema\/logo\/image\/\"}}]}<\/script>\n<!-- \/ Yoast SEO plugin. -->","yoast_head_json":{"title":"Duvet Light - Colchones Selther","description":"Protege tu colch\u00f3n con el protector Duvet Selther. fabricado en Polyester de alta calidad y durabilidad para cuidar tu inversi\u00f3n. \u00a1Conoce m\u00e1s!","robots":{"index":"index","follow":"follow","max-snippet":"max-snippet:-1","max-image-preview":"max-image-preview:large","max-video-preview":"max-video-preview:-1"},"canonical":"https:\/\/www.colchonesselther.com\/cr\/producto\/duvet-light\/","og_locale":"es_ES","og_type":"article","og_title":"Duvet Light - Colchones Selther","og_description":"Protege tu colch\u00f3n con el protector Duvet Selther. fabricado en Polyester de alta calidad y durabilidad para cuidar tu inversi\u00f3n. \u00a1Conoce m\u00e1s!","og_url":"https:\/\/www.colchonesselther.com\/cr\/producto\/duvet-light\/","og_site_name":"Colchones Selther","article_modified_time":"2026-03-04T21:20:35+00:00","og_image":[{"width":1200,"height":1200,"url":"https:\/\/www.colchonesselther.com\/cr\/wp-content\/uploads\/2024\/08\/duvet_01.jpg","type":"image\/jpeg"}],"twitter_card":"summary_large_image","twitter_misc":{"Est. reading time":"1 minuto"},"schema":{"@context":"https:\/\/schema.org","@graph":[{"@type":"WebPage","@id":"https:\/\/www.colchonesselther.com\/cr\/producto\/duvet-light\/","url":"https:\/\/www.colchonesselther.com\/cr\/producto\/duvet-light\/","name":"Duvet Light - Colchones Selther","isPartOf":{"@id":"https:\/\/colchonesselther.com\/cr\/#website"},"primaryImageOfPage":{"@id":"https:\/\/www.colchonesselther.com\/cr\/producto\/duvet-light\/#primaryimage"},"image":{"@id":"https:\/\/www.colchonesselther.com\/cr\/producto\/duvet-light\/#primaryimage"},"thumbnailUrl":"https:\/\/www.colchonesselther.com\/cr\/wp-content\/uploads\/2024\/08\/duvet_01.jpg","datePublished":"2024-08-27T18:46:39+00:00","dateModified":"2026-03-04T21:20:35+00:00","description":"Protege tu colch\u00f3n con el protector Duvet Selther. fabricado en Polyester de alta calidad y durabilidad para cuidar tu inversi\u00f3n. \u00a1Conoce m\u00e1s!","breadcrumb":{"@id":"https:\/\/www.colchonesselther.com\/cr\/producto\/duvet-light\/#breadcrumb"},"inLanguage":"es-CR","potentialAction":[{"@type":"ReadAction","target":["https:\/\/www.colchonesselther.com\/cr\/producto\/duvet-light\/"]}]},{"@type":"ImageObject","inLanguage":"es-CR","@id":"https:\/\/www.colchonesselther.com\/cr\/producto\/duvet-light\/#primaryimage","url":"https:\/\/www.colchonesselther.com\/cr\/wp-content\/uploads\/2024\/08\/duvet_01.jpg","contentUrl":"https:\/\/www.colchonesselther.com\/cr\/wp-content\/uploads\/2024\/08\/duvet_01.jpg","width":1200,"height":1200},{"@type":"BreadcrumbList","@id":"https:\/\/www.colchonesselther.com\/cr\/producto\/duvet-light\/#breadcrumb","itemListElement":[{"@type":"ListItem","position":1,"name":"Portada","item":"https:\/\/colchonesselther.com\/cr\/"},{"@type":"ListItem","position":2,"name":"Tienda","item":"https:\/\/colchonesselther.com\/cr\/tienda\/"},{"@type":"ListItem","position":3,"name":"Duvet Light"}]},{"@type":"WebSite","@id":"https:\/\/colchonesselther.com\/cr\/#website","url":"https:\/\/colchonesselther.com\/cr\/","name":"Colchones Selther","description":"Durabilidad Europea Hecha Colch\u00f3n","publisher":{"@id":"https:\/\/colchonesselther.com\/cr\/#organization"},"potentialAction":[{"@type":"SearchAction","target":{"@type":"EntryPoint","urlTemplate":"https:\/\/colchonesselther.com\/cr\/?s={search_term_string}"},"query-input":{"@type":"PropertyValueSpecification","valueRequired":true,"valueName":"search_term_string"}}],"inLanguage":"es-CR"},{"@type":"Organization","@id":"https:\/\/colchonesselther.com\/cr\/#organization","name":"Colchones Selther","url":"https:\/\/colchonesselther.com\/cr\/","logo":{"@type":"ImageObject","inLanguage":"es-CR","@id":"https:\/\/colchonesselther.com\/cr\/#\/schema\/logo\/image\/","url":"https:\/\/www.colchonesselther.com\/cr\/wp-content\/uploads\/2024\/07\/LOGO-SELTHER-SMALL.webp","contentUrl":"https:\/\/www.colchonesselther.com\/cr\/wp-content\/uploads\/2024\/07\/LOGO-SELTHER-SMALL.webp","width":650,"height":189,"caption":"Colchones Selther"},"image":{"@id":"https:\/\/colchonesselther.com\/cr\/#\/schema\/logo\/image\/"}}]}},"_links":{"self":[{"href":"https:\/\/www.colchonesselther.com\/cr\/wp-json\/wp\/v2\/product\/426","targetHints":{"allow":["GET"]}}],"collection":[{"href":"https:\/\/www.colchonesselther.com\/cr\/wp-json\/wp\/v2\/product"}],"about":[{"href":"https:\/\/www.colchonesselther.com\/cr\/wp-json\/wp\/v2\/types\/product"}],"replies":[{"embeddable":true,"href":"https:\/\/www.colchonesselther.com\/cr\/wp-json\/wp\/v2\/comments?post=426"}],"wp:featuredmedia":[{"embeddable":true,"href":"https:\/\/www.colchonesselther.com\/cr\/wp-json\/wp\/v2\/media\/2557"}],"wp:attachment":[{"href":"https:\/\/www.colchonesselther.com\/cr\/wp-json\/wp\/v2\/media?parent=426"}],"wp:term":[{"taxonomy":"product_brand","embeddable":true,"href":"https:\/\/www.colchonesselther.com\/cr\/wp-json\/wp\/v2\/product_brand?post=426"},{"taxonomy":"product_cat","embeddable":true,"href":"https:\/\/www.colchonesselther.com\/cr\/wp-json\/wp\/v2\/product_cat?post=426"},{"taxonomy":"product_tag","embeddable":true,"href":"https:\/\/www.colchonesselther.com\/cr\/wp-json\/wp\/v2\/product_tag?post=426"}],"curies":[{"name":"wp","href":"https:\/\/api.w.org\/{rel}","templated":true}]}}