{"id":400,"date":"2024-08-27T12:46:35","date_gmt":"2024-08-27T18:46:35","guid":{"rendered":"https:\/\/colchonesselther.com\/cr\/?post_type=product&#038;p=400"},"modified":"2026-03-04T15:20:34","modified_gmt":"2026-03-04T21:20:34","slug":"sabanas-light","status":"publish","type":"product","link":"https:\/\/www.colchonesselther.com\/cr\/producto\/sabanas-light\/","title":{"rendered":"S\u00e1banas Light"},"content":{"rendered":"<p>&nbsp;<\/p>\n<div style=\"grid-template-columns: 1fr 2fr; grid-template-rows: 1fr; grid-column-gap: 10px; grid-row-gap: 10px;\">\n<div>\n<p style=\"text-align: center;\">ACCESORIOS<\/p>\n<h2 style=\"text-align: center;\"><strong>SUAVIDAD<\/strong><\/h2>\n<p>Tu descanso es complementado perfectamente con tus s\u00e1banas Selther, disfrutar\u00e1s de su suavidad noche tras noche.<\/p>\n<\/div>\n<div><img fetchpriority=\"high\" decoding=\"async\" class=\"alignnone wp-image-1822\" src=\"https:\/\/colchonesselther.com\/cr\/wp-content\/uploads\/2024\/08\/sabana.jpg\" alt=\"Juego de s\u00e1banas blancas con tela suave y transpirable.\" width=\"750\" height=\"204\" srcset=\"https:\/\/www.colchonesselther.com\/cr\/wp-content\/uploads\/2024\/08\/sabana.jpg 1500w, https:\/\/www.colchonesselther.com\/cr\/wp-content\/uploads\/2024\/08\/sabana-300x82.jpg 300w, https:\/\/www.colchonesselther.com\/cr\/wp-content\/uploads\/2024\/08\/sabana-1024x279.jpg 1024w, https:\/\/www.colchonesselther.com\/cr\/wp-content\/uploads\/2024\/08\/sabana-768x209.jpg 768w, https:\/\/www.colchonesselther.com\/cr\/wp-content\/uploads\/2024\/08\/sabana-600x163.jpg 600w\" sizes=\"(max-width: 750px) 100vw, 750px\" \/><\/div>\n<\/div>\n<p>&nbsp;<\/p>\n<div style=\"grid-template-columns: 2fr 1fr; grid-template-rows: 1fr; grid-column-gap: 10px; grid-row-gap: 10px;\">\n<div style=\"text-align: center;\"><img decoding=\"async\" class=\"alignnone wp-image-1823\" src=\"https:\/\/colchonesselther.com\/cr\/wp-content\/uploads\/2024\/08\/sabana2.jpg\" alt=\"Vista de s\u00e1banas blancas dobladas, listas para su uso.\" width=\"750\" height=\"204\" srcset=\"https:\/\/www.colchonesselther.com\/cr\/wp-content\/uploads\/2024\/08\/sabana2.jpg 1500w, https:\/\/www.colchonesselther.com\/cr\/wp-content\/uploads\/2024\/08\/sabana2-300x82.jpg 300w, https:\/\/www.colchonesselther.com\/cr\/wp-content\/uploads\/2024\/08\/sabana2-1024x279.jpg 1024w, https:\/\/www.colchonesselther.com\/cr\/wp-content\/uploads\/2024\/08\/sabana2-768x209.jpg 768w, https:\/\/www.colchonesselther.com\/cr\/wp-content\/uploads\/2024\/08\/sabana2-600x163.jpg 600w\" sizes=\"(max-width: 750px) 100vw, 750px\" \/><\/div>\n<div>\n<p style=\"text-align: center;\">ACCESORIOS<\/p>\n<h2 style=\"text-align: center;\"><strong>100% POLI\u00c9STER<\/strong><\/h2>\n<p>Los mejores materiales para que disfrutes cada noche al m\u00e1ximo. Est\u00e1n elaboradas 100% de poli\u00e9ster, asegurando su calidad y durabilidad.<\/p>\n<\/div>\n<\/div>\n<p>&nbsp;<\/p>\n<p>&nbsp;<\/p>\n","protected":false},"excerpt":{"rendered":"<p>Disfruta cada noche con tus s\u00e1banas Selther, que complementan cada noche para ayudarte a tener el mejor descanso. Su material y textura te acompa\u00f1an en cada sue\u00f1o.<\/p>\n<p>&nbsp;<\/p>\n","protected":false},"featured_media":2096,"comment_status":"open","ping_status":"closed","template":"","meta":[],"product_brand":[],"product_cat":[29,33],"product_tag":[],"class_list":{"0":"post-400","1":"product","2":"type-product","3":"status-publish","4":"has-post-thumbnail","6":"product_cat-accesorios","7":"product_cat-sabanas","9":"first","10":"instock","11":"sale","12":"shipping-taxable","13":"purchasable","14":"product-type-variable","15":"has-default-attributes"},"yoast_head":"<!-- This site is optimized with the Yoast SEO plugin v26.8 - https:\/\/yoast.com\/product\/yoast-seo-wordpress\/ -->\n<title>S\u00e1banas Light - Colchones Selther<\/title>\n<meta name=\"description\" content=\"Disfruta cada noche con tus s\u00e1banas Selther, ay\u00fadate a tener el mejor descanso. Su material y textura te acompa\u00f1an en cada sue\u00f1o.\" \/>\n<meta name=\"robots\" content=\"index, follow, max-snippet:-1, max-image-preview:large, max-video-preview:-1\" \/>\n<link rel=\"canonical\" href=\"https:\/\/colchonesselther.com\/cr\/producto\/sabanas-light\/\" \/>\n<meta property=\"og:locale\" content=\"es_ES\" \/>\n<meta property=\"og:type\" content=\"article\" \/>\n<meta property=\"og:title\" content=\"S\u00e1banas Light - Colchones Selther\" \/>\n<meta property=\"og:description\" content=\"Disfruta cada noche con tus s\u00e1banas Selther, ay\u00fadate a tener el mejor descanso. Su material y textura te acompa\u00f1an en cada sue\u00f1o.\" \/>\n<meta property=\"og:url\" content=\"https:\/\/colchonesselther.com\/cr\/producto\/sabanas-light\/\" \/>\n<meta property=\"og:site_name\" content=\"Colchones Selther\" \/>\n<meta property=\"article:modified_time\" content=\"2026-03-04T21:20:34+00:00\" \/>\n<meta property=\"og:image\" content=\"https:\/\/colchonesselther.com\/cr\/wp-content\/uploads\/2024\/08\/sabana_light_blanca.jpg\" \/>\n\t<meta property=\"og:image:width\" content=\"1200\" \/>\n\t<meta property=\"og:image:height\" content=\"1200\" \/>\n\t<meta property=\"og:image:type\" content=\"image\/jpeg\" \/>\n<meta name=\"twitter:card\" content=\"summary_large_image\" \/>\n<meta name=\"twitter:label1\" content=\"Est. reading time\" \/>\n\t<meta name=\"twitter:data1\" content=\"1 minuto\" \/>\n<script type=\"application\/ld+json\" class=\"yoast-schema-graph\">{\"@context\":\"https:\/\/schema.org\",\"@graph\":[{\"@type\":\"WebPage\",\"@id\":\"https:\/\/colchonesselther.com\/cr\/producto\/sabanas-light\/\",\"url\":\"https:\/\/colchonesselther.com\/cr\/producto\/sabanas-light\/\",\"name\":\"S\u00e1banas Light - Colchones Selther\",\"isPartOf\":{\"@id\":\"https:\/\/colchonesselther.com\/cr\/#website\"},\"primaryImageOfPage\":{\"@id\":\"https:\/\/colchonesselther.com\/cr\/producto\/sabanas-light\/#primaryimage\"},\"image\":{\"@id\":\"https:\/\/colchonesselther.com\/cr\/producto\/sabanas-light\/#primaryimage\"},\"thumbnailUrl\":\"https:\/\/www.colchonesselther.com\/cr\/wp-content\/uploads\/2024\/08\/sabana_light_blanca.jpg\",\"datePublished\":\"2024-08-27T18:46:35+00:00\",\"dateModified\":\"2026-03-04T21:20:34+00:00\",\"description\":\"Disfruta cada noche con tus s\u00e1banas Selther, ay\u00fadate a tener el mejor descanso. Su material y textura te acompa\u00f1an en cada sue\u00f1o.\",\"breadcrumb\":{\"@id\":\"https:\/\/colchonesselther.com\/cr\/producto\/sabanas-light\/#breadcrumb\"},\"inLanguage\":\"es-CR\",\"potentialAction\":[{\"@type\":\"ReadAction\",\"target\":[\"https:\/\/colchonesselther.com\/cr\/producto\/sabanas-light\/\"]}]},{\"@type\":\"ImageObject\",\"inLanguage\":\"es-CR\",\"@id\":\"https:\/\/colchonesselther.com\/cr\/producto\/sabanas-light\/#primaryimage\",\"url\":\"https:\/\/www.colchonesselther.com\/cr\/wp-content\/uploads\/2024\/08\/sabana_light_blanca.jpg\",\"contentUrl\":\"https:\/\/www.colchonesselther.com\/cr\/wp-content\/uploads\/2024\/08\/sabana_light_blanca.jpg\",\"width\":1200,\"height\":1200,\"caption\":\"Foto frontal S\u00e1banas color blanco - Selther\"},{\"@type\":\"BreadcrumbList\",\"@id\":\"https:\/\/colchonesselther.com\/cr\/producto\/sabanas-light\/#breadcrumb\",\"itemListElement\":[{\"@type\":\"ListItem\",\"position\":1,\"name\":\"Portada\",\"item\":\"https:\/\/colchonesselther.com\/cr\/\"},{\"@type\":\"ListItem\",\"position\":2,\"name\":\"Tienda\",\"item\":\"https:\/\/colchonesselther.com\/cr\/tienda\/\"},{\"@type\":\"ListItem\",\"position\":3,\"name\":\"S\u00e1banas Light\"}]},{\"@type\":\"WebSite\",\"@id\":\"https:\/\/colchonesselther.com\/cr\/#website\",\"url\":\"https:\/\/colchonesselther.com\/cr\/\",\"name\":\"Colchones Selther\",\"description\":\"Durabilidad Europea Hecha Colch\u00f3n\",\"publisher\":{\"@id\":\"https:\/\/colchonesselther.com\/cr\/#organization\"},\"potentialAction\":[{\"@type\":\"SearchAction\",\"target\":{\"@type\":\"EntryPoint\",\"urlTemplate\":\"https:\/\/colchonesselther.com\/cr\/?s={search_term_string}\"},\"query-input\":{\"@type\":\"PropertyValueSpecification\",\"valueRequired\":true,\"valueName\":\"search_term_string\"}}],\"inLanguage\":\"es-CR\"},{\"@type\":\"Organization\",\"@id\":\"https:\/\/colchonesselther.com\/cr\/#organization\",\"name\":\"Colchones Selther\",\"url\":\"https:\/\/colchonesselther.com\/cr\/\",\"logo\":{\"@type\":\"ImageObject\",\"inLanguage\":\"es-CR\",\"@id\":\"https:\/\/colchonesselther.com\/cr\/#\/schema\/logo\/image\/\",\"url\":\"https:\/\/www.colchonesselther.com\/cr\/wp-content\/uploads\/2024\/07\/LOGO-SELTHER-SMALL.webp\",\"contentUrl\":\"https:\/\/www.colchonesselther.com\/cr\/wp-content\/uploads\/2024\/07\/LOGO-SELTHER-SMALL.webp\",\"width\":650,\"height\":189,\"caption\":\"Colchones Selther\"},\"image\":{\"@id\":\"https:\/\/colchonesselther.com\/cr\/#\/schema\/logo\/image\/\"}}]}<\/script>\n<!-- \/ Yoast SEO plugin. -->","yoast_head_json":{"title":"S\u00e1banas Light - Colchones Selther","description":"Disfruta cada noche con tus s\u00e1banas Selther, ay\u00fadate a tener el mejor descanso. Su material y textura te acompa\u00f1an en cada sue\u00f1o.","robots":{"index":"index","follow":"follow","max-snippet":"max-snippet:-1","max-image-preview":"max-image-preview:large","max-video-preview":"max-video-preview:-1"},"canonical":"https:\/\/colchonesselther.com\/cr\/producto\/sabanas-light\/","og_locale":"es_ES","og_type":"article","og_title":"S\u00e1banas Light - Colchones Selther","og_description":"Disfruta cada noche con tus s\u00e1banas Selther, ay\u00fadate a tener el mejor descanso. Su material y textura te acompa\u00f1an en cada sue\u00f1o.","og_url":"https:\/\/colchonesselther.com\/cr\/producto\/sabanas-light\/","og_site_name":"Colchones Selther","article_modified_time":"2026-03-04T21:20:34+00:00","og_image":[{"width":1200,"height":1200,"url":"https:\/\/colchonesselther.com\/cr\/wp-content\/uploads\/2024\/08\/sabana_light_blanca.jpg","type":"image\/jpeg"}],"twitter_card":"summary_large_image","twitter_misc":{"Est. reading time":"1 minuto"},"schema":{"@context":"https:\/\/schema.org","@graph":[{"@type":"WebPage","@id":"https:\/\/colchonesselther.com\/cr\/producto\/sabanas-light\/","url":"https:\/\/colchonesselther.com\/cr\/producto\/sabanas-light\/","name":"S\u00e1banas Light - Colchones Selther","isPartOf":{"@id":"https:\/\/colchonesselther.com\/cr\/#website"},"primaryImageOfPage":{"@id":"https:\/\/colchonesselther.com\/cr\/producto\/sabanas-light\/#primaryimage"},"image":{"@id":"https:\/\/colchonesselther.com\/cr\/producto\/sabanas-light\/#primaryimage"},"thumbnailUrl":"https:\/\/www.colchonesselther.com\/cr\/wp-content\/uploads\/2024\/08\/sabana_light_blanca.jpg","datePublished":"2024-08-27T18:46:35+00:00","dateModified":"2026-03-04T21:20:34+00:00","description":"Disfruta cada noche con tus s\u00e1banas Selther, ay\u00fadate a tener el mejor descanso. Su material y textura te acompa\u00f1an en cada sue\u00f1o.","breadcrumb":{"@id":"https:\/\/colchonesselther.com\/cr\/producto\/sabanas-light\/#breadcrumb"},"inLanguage":"es-CR","potentialAction":[{"@type":"ReadAction","target":["https:\/\/colchonesselther.com\/cr\/producto\/sabanas-light\/"]}]},{"@type":"ImageObject","inLanguage":"es-CR","@id":"https:\/\/colchonesselther.com\/cr\/producto\/sabanas-light\/#primaryimage","url":"https:\/\/www.colchonesselther.com\/cr\/wp-content\/uploads\/2024\/08\/sabana_light_blanca.jpg","contentUrl":"https:\/\/www.colchonesselther.com\/cr\/wp-content\/uploads\/2024\/08\/sabana_light_blanca.jpg","width":1200,"height":1200,"caption":"Foto frontal S\u00e1banas color blanco - Selther"},{"@type":"BreadcrumbList","@id":"https:\/\/colchonesselther.com\/cr\/producto\/sabanas-light\/#breadcrumb","itemListElement":[{"@type":"ListItem","position":1,"name":"Portada","item":"https:\/\/colchonesselther.com\/cr\/"},{"@type":"ListItem","position":2,"name":"Tienda","item":"https:\/\/colchonesselther.com\/cr\/tienda\/"},{"@type":"ListItem","position":3,"name":"S\u00e1banas Light"}]},{"@type":"WebSite","@id":"https:\/\/colchonesselther.com\/cr\/#website","url":"https:\/\/colchonesselther.com\/cr\/","name":"Colchones Selther","description":"Durabilidad Europea Hecha Colch\u00f3n","publisher":{"@id":"https:\/\/colchonesselther.com\/cr\/#organization"},"potentialAction":[{"@type":"SearchAction","target":{"@type":"EntryPoint","urlTemplate":"https:\/\/colchonesselther.com\/cr\/?s={search_term_string}"},"query-input":{"@type":"PropertyValueSpecification","valueRequired":true,"valueName":"search_term_string"}}],"inLanguage":"es-CR"},{"@type":"Organization","@id":"https:\/\/colchonesselther.com\/cr\/#organization","name":"Colchones Selther","url":"https:\/\/colchonesselther.com\/cr\/","logo":{"@type":"ImageObject","inLanguage":"es-CR","@id":"https:\/\/colchonesselther.com\/cr\/#\/schema\/logo\/image\/","url":"https:\/\/www.colchonesselther.com\/cr\/wp-content\/uploads\/2024\/07\/LOGO-SELTHER-SMALL.webp","contentUrl":"https:\/\/www.colchonesselther.com\/cr\/wp-content\/uploads\/2024\/07\/LOGO-SELTHER-SMALL.webp","width":650,"height":189,"caption":"Colchones Selther"},"image":{"@id":"https:\/\/colchonesselther.com\/cr\/#\/schema\/logo\/image\/"}}]}},"_links":{"self":[{"href":"https:\/\/www.colchonesselther.com\/cr\/wp-json\/wp\/v2\/product\/400","targetHints":{"allow":["GET"]}}],"collection":[{"href":"https:\/\/www.colchonesselther.com\/cr\/wp-json\/wp\/v2\/product"}],"about":[{"href":"https:\/\/www.colchonesselther.com\/cr\/wp-json\/wp\/v2\/types\/product"}],"replies":[{"embeddable":true,"href":"https:\/\/www.colchonesselther.com\/cr\/wp-json\/wp\/v2\/comments?post=400"}],"wp:featuredmedia":[{"embeddable":true,"href":"https:\/\/www.colchonesselther.com\/cr\/wp-json\/wp\/v2\/media\/2096"}],"wp:attachment":[{"href":"https:\/\/www.colchonesselther.com\/cr\/wp-json\/wp\/v2\/media?parent=400"}],"wp:term":[{"taxonomy":"product_brand","embeddable":true,"href":"https:\/\/www.colchonesselther.com\/cr\/wp-json\/wp\/v2\/product_brand?post=400"},{"taxonomy":"product_cat","embeddable":true,"href":"https:\/\/www.colchonesselther.com\/cr\/wp-json\/wp\/v2\/product_cat?post=400"},{"taxonomy":"product_tag","embeddable":true,"href":"https:\/\/www.colchonesselther.com\/cr\/wp-json\/wp\/v2\/product_tag?post=400"}],"curies":[{"name":"wp","href":"https:\/\/api.w.org\/{rel}","templated":true}]}}