{"id":356,"date":"2024-08-27T11:48:13","date_gmt":"2024-08-27T17:48:13","guid":{"rendered":"https:\/\/colchonesselther.com\/cr\/?post_type=product&#038;p=356"},"modified":"2026-03-04T15:20:34","modified_gmt":"2026-03-04T21:20:34","slug":"calm-rest","status":"publish","type":"product","link":"https:\/\/www.colchonesselther.com\/cr\/producto\/calm-rest\/","title":{"rendered":"Almohada Calm Rest"},"content":{"rendered":"<p>&nbsp;<\/p>\n<div style=\"grid-template-columns: 1fr 2fr;grid-template-rows: 1fr;grid-column-gap: 10px;grid-row-gap: 10px\">\n<div>\n<p style=\"text-align: center\">ACCESORIOS<\/p>\n<h2 style=\"text-align: center\"><strong>100% ALGOD\u00d3N<\/strong><\/h2>\n<p>Conoce un descanso fresco, c\u00f3modo y placentero que te brinda tu almohada Calm Rest con 100% Algod\u00f3n.<\/p>\n<\/div>\n<div><img fetchpriority=\"high\" decoding=\"async\" class=\"alignnone wp-image-1866\" src=\"https:\/\/colchonesselther.com\/cr\/wp-content\/uploads\/2024\/08\/calmrest_lateral.jpg\" alt=\"Superficie de almohada CalmRest con textura acolchada para mayor confort.\" width=\"750\" height=\"204\" srcset=\"https:\/\/www.colchonesselther.com\/cr\/wp-content\/uploads\/2024\/08\/calmrest_lateral.jpg 1500w, https:\/\/www.colchonesselther.com\/cr\/wp-content\/uploads\/2024\/08\/calmrest_lateral-300x82.jpg 300w, https:\/\/www.colchonesselther.com\/cr\/wp-content\/uploads\/2024\/08\/calmrest_lateral-1024x279.jpg 1024w, https:\/\/www.colchonesselther.com\/cr\/wp-content\/uploads\/2024\/08\/calmrest_lateral-768x209.jpg 768w, https:\/\/www.colchonesselther.com\/cr\/wp-content\/uploads\/2024\/08\/calmrest_lateral-600x163.jpg 600w\" sizes=\"(max-width: 750px) 100vw, 750px\" \/><\/div>\n<\/div>\n<p>&nbsp;<\/p>\n<div style=\"grid-template-columns: 2fr 1fr;grid-template-rows: 1fr;grid-column-gap: 10px;grid-row-gap: 10px\">\n<div style=\"text-align: center\"><img decoding=\"async\" class=\"alignnone wp-image-1867\" src=\"https:\/\/colchonesselther.com\/cr\/wp-content\/uploads\/2024\/08\/calmrest_tela.jpg\" alt=\"Vista lateral de la almohada CalmRest mostrando su altura y dise\u00f1o ergon\u00f3mico.\" width=\"750\" height=\"204\" srcset=\"https:\/\/www.colchonesselther.com\/cr\/wp-content\/uploads\/2024\/08\/calmrest_tela.jpg 1500w, https:\/\/www.colchonesselther.com\/cr\/wp-content\/uploads\/2024\/08\/calmrest_tela-300x82.jpg 300w, https:\/\/www.colchonesselther.com\/cr\/wp-content\/uploads\/2024\/08\/calmrest_tela-1024x279.jpg 1024w, https:\/\/www.colchonesselther.com\/cr\/wp-content\/uploads\/2024\/08\/calmrest_tela-768x209.jpg 768w, https:\/\/www.colchonesselther.com\/cr\/wp-content\/uploads\/2024\/08\/calmrest_tela-600x163.jpg 600w\" sizes=\"(max-width: 750px) 100vw, 750px\" \/><\/div>\n<div>\n<p style=\"text-align: center\">ACCESORIOS<\/p>\n<h2 style=\"text-align: center\"><strong>SUAVE<\/strong><\/h2>\n<p>Brinda una sensaci\u00f3n siempre suave al tacto, para un descanso m\u00e1s agradable.<\/p>\n<\/div>\n<\/div>\n<p>&nbsp;<\/p>\n<p>&nbsp;<\/p>\n","protected":false},"excerpt":{"rendered":"<p>&nbsp;<\/p>\n<p>Calm Rest es una almohada que te brindar\u00e1 siempre un descanso confortable y c\u00f3modo. Gracias a su elaboraci\u00f3n 100% de algod\u00f3n sentir\u00e1s una suavidad y comodidad perfectos para tu descanso.<\/p>\n","protected":false},"featured_media":2093,"comment_status":"open","ping_status":"closed","template":"","meta":[],"product_brand":[],"product_cat":[29,30],"product_tag":[],"class_list":{"0":"post-356","1":"product","2":"type-product","3":"status-publish","4":"has-post-thumbnail","6":"product_cat-accesorios","7":"product_cat-almohadas","9":"first","10":"instock","11":"sale","12":"shipping-taxable","13":"purchasable","14":"product-type-variable","15":"has-default-attributes"},"yoast_head":"<!-- This site is optimized with the Yoast SEO plugin v26.8 - https:\/\/yoast.com\/product\/yoast-seo-wordpress\/ -->\n<title>Almohada Calm Rest - Colchones Selther<\/title>\n<meta name=\"description\" content=\"Elige almohadas Selther relleno de microfibra con funda Cool Touch. ideal para dormir profunda y c\u00f3modamente noche tras noche\" \/>\n<meta name=\"robots\" content=\"index, follow, max-snippet:-1, max-image-preview:large, max-video-preview:-1\" \/>\n<link rel=\"canonical\" href=\"https:\/\/www.colchonesselther.com\/cr\/producto\/calm-rest\/\" \/>\n<meta property=\"og:locale\" content=\"es_ES\" \/>\n<meta property=\"og:type\" content=\"article\" \/>\n<meta property=\"og:title\" content=\"Almohada Calm Rest - Colchones Selther\" \/>\n<meta property=\"og:description\" content=\"Elige almohadas Selther relleno de microfibra con funda Cool Touch. ideal para dormir profunda y c\u00f3modamente noche tras noche\" \/>\n<meta property=\"og:url\" content=\"https:\/\/www.colchonesselther.com\/cr\/producto\/calm-rest\/\" \/>\n<meta property=\"og:site_name\" content=\"Colchones Selther\" \/>\n<meta property=\"article:modified_time\" content=\"2026-03-04T21:20:34+00:00\" \/>\n<meta property=\"og:image\" content=\"https:\/\/www.colchonesselther.com\/cr\/wp-content\/uploads\/2024\/08\/almohada_calmrest_frente.jpg\" \/>\n\t<meta property=\"og:image:width\" content=\"1200\" \/>\n\t<meta property=\"og:image:height\" content=\"1200\" \/>\n\t<meta property=\"og:image:type\" content=\"image\/jpeg\" \/>\n<meta name=\"twitter:card\" content=\"summary_large_image\" \/>\n<meta name=\"twitter:label1\" content=\"Est. reading time\" \/>\n\t<meta name=\"twitter:data1\" content=\"1 minuto\" \/>\n<script type=\"application\/ld+json\" class=\"yoast-schema-graph\">{\"@context\":\"https:\/\/schema.org\",\"@graph\":[{\"@type\":\"WebPage\",\"@id\":\"https:\/\/www.colchonesselther.com\/cr\/producto\/calm-rest\/\",\"url\":\"https:\/\/www.colchonesselther.com\/cr\/producto\/calm-rest\/\",\"name\":\"Almohada Calm Rest - Colchones Selther\",\"isPartOf\":{\"@id\":\"https:\/\/colchonesselther.com\/cr\/#website\"},\"primaryImageOfPage\":{\"@id\":\"https:\/\/www.colchonesselther.com\/cr\/producto\/calm-rest\/#primaryimage\"},\"image\":{\"@id\":\"https:\/\/www.colchonesselther.com\/cr\/producto\/calm-rest\/#primaryimage\"},\"thumbnailUrl\":\"https:\/\/www.colchonesselther.com\/cr\/wp-content\/uploads\/2024\/08\/almohada_calmrest_frente.jpg\",\"datePublished\":\"2024-08-27T17:48:13+00:00\",\"dateModified\":\"2026-03-04T21:20:34+00:00\",\"description\":\"Elige almohadas Selther relleno de microfibra con funda Cool Touch. ideal para dormir profunda y c\u00f3modamente noche tras noche\",\"breadcrumb\":{\"@id\":\"https:\/\/www.colchonesselther.com\/cr\/producto\/calm-rest\/#breadcrumb\"},\"inLanguage\":\"es-CR\",\"potentialAction\":[{\"@type\":\"ReadAction\",\"target\":[\"https:\/\/www.colchonesselther.com\/cr\/producto\/calm-rest\/\"]}]},{\"@type\":\"ImageObject\",\"inLanguage\":\"es-CR\",\"@id\":\"https:\/\/www.colchonesselther.com\/cr\/producto\/calm-rest\/#primaryimage\",\"url\":\"https:\/\/www.colchonesselther.com\/cr\/wp-content\/uploads\/2024\/08\/almohada_calmrest_frente.jpg\",\"contentUrl\":\"https:\/\/www.colchonesselther.com\/cr\/wp-content\/uploads\/2024\/08\/almohada_calmrest_frente.jpg\",\"width\":1200,\"height\":1200,\"caption\":\"Almohada Calm Rest foto frontal - Selther\"},{\"@type\":\"BreadcrumbList\",\"@id\":\"https:\/\/www.colchonesselther.com\/cr\/producto\/calm-rest\/#breadcrumb\",\"itemListElement\":[{\"@type\":\"ListItem\",\"position\":1,\"name\":\"Portada\",\"item\":\"https:\/\/colchonesselther.com\/cr\/\"},{\"@type\":\"ListItem\",\"position\":2,\"name\":\"Tienda\",\"item\":\"https:\/\/colchonesselther.com\/cr\/tienda\/\"},{\"@type\":\"ListItem\",\"position\":3,\"name\":\"Almohada Calm Rest\"}]},{\"@type\":\"WebSite\",\"@id\":\"https:\/\/colchonesselther.com\/cr\/#website\",\"url\":\"https:\/\/colchonesselther.com\/cr\/\",\"name\":\"Colchones Selther\",\"description\":\"Durabilidad Europea Hecha Colch\u00f3n\",\"publisher\":{\"@id\":\"https:\/\/colchonesselther.com\/cr\/#organization\"},\"potentialAction\":[{\"@type\":\"SearchAction\",\"target\":{\"@type\":\"EntryPoint\",\"urlTemplate\":\"https:\/\/colchonesselther.com\/cr\/?s={search_term_string}\"},\"query-input\":{\"@type\":\"PropertyValueSpecification\",\"valueRequired\":true,\"valueName\":\"search_term_string\"}}],\"inLanguage\":\"es-CR\"},{\"@type\":\"Organization\",\"@id\":\"https:\/\/colchonesselther.com\/cr\/#organization\",\"name\":\"Colchones Selther\",\"url\":\"https:\/\/colchonesselther.com\/cr\/\",\"logo\":{\"@type\":\"ImageObject\",\"inLanguage\":\"es-CR\",\"@id\":\"https:\/\/colchonesselther.com\/cr\/#\/schema\/logo\/image\/\",\"url\":\"https:\/\/www.colchonesselther.com\/cr\/wp-content\/uploads\/2024\/07\/LOGO-SELTHER-SMALL.webp\",\"contentUrl\":\"https:\/\/www.colchonesselther.com\/cr\/wp-content\/uploads\/2024\/07\/LOGO-SELTHER-SMALL.webp\",\"width\":650,\"height\":189,\"caption\":\"Colchones Selther\"},\"image\":{\"@id\":\"https:\/\/colchonesselther.com\/cr\/#\/schema\/logo\/image\/\"}}]}<\/script>\n<!-- \/ Yoast SEO plugin. -->","yoast_head_json":{"title":"Almohada Calm Rest - Colchones Selther","description":"Elige almohadas Selther relleno de microfibra con funda Cool Touch. ideal para dormir profunda y c\u00f3modamente noche tras noche","robots":{"index":"index","follow":"follow","max-snippet":"max-snippet:-1","max-image-preview":"max-image-preview:large","max-video-preview":"max-video-preview:-1"},"canonical":"https:\/\/www.colchonesselther.com\/cr\/producto\/calm-rest\/","og_locale":"es_ES","og_type":"article","og_title":"Almohada Calm Rest - Colchones Selther","og_description":"Elige almohadas Selther relleno de microfibra con funda Cool Touch. ideal para dormir profunda y c\u00f3modamente noche tras noche","og_url":"https:\/\/www.colchonesselther.com\/cr\/producto\/calm-rest\/","og_site_name":"Colchones Selther","article_modified_time":"2026-03-04T21:20:34+00:00","og_image":[{"width":1200,"height":1200,"url":"https:\/\/www.colchonesselther.com\/cr\/wp-content\/uploads\/2024\/08\/almohada_calmrest_frente.jpg","type":"image\/jpeg"}],"twitter_card":"summary_large_image","twitter_misc":{"Est. reading time":"1 minuto"},"schema":{"@context":"https:\/\/schema.org","@graph":[{"@type":"WebPage","@id":"https:\/\/www.colchonesselther.com\/cr\/producto\/calm-rest\/","url":"https:\/\/www.colchonesselther.com\/cr\/producto\/calm-rest\/","name":"Almohada Calm Rest - Colchones Selther","isPartOf":{"@id":"https:\/\/colchonesselther.com\/cr\/#website"},"primaryImageOfPage":{"@id":"https:\/\/www.colchonesselther.com\/cr\/producto\/calm-rest\/#primaryimage"},"image":{"@id":"https:\/\/www.colchonesselther.com\/cr\/producto\/calm-rest\/#primaryimage"},"thumbnailUrl":"https:\/\/www.colchonesselther.com\/cr\/wp-content\/uploads\/2024\/08\/almohada_calmrest_frente.jpg","datePublished":"2024-08-27T17:48:13+00:00","dateModified":"2026-03-04T21:20:34+00:00","description":"Elige almohadas Selther relleno de microfibra con funda Cool Touch. ideal para dormir profunda y c\u00f3modamente noche tras noche","breadcrumb":{"@id":"https:\/\/www.colchonesselther.com\/cr\/producto\/calm-rest\/#breadcrumb"},"inLanguage":"es-CR","potentialAction":[{"@type":"ReadAction","target":["https:\/\/www.colchonesselther.com\/cr\/producto\/calm-rest\/"]}]},{"@type":"ImageObject","inLanguage":"es-CR","@id":"https:\/\/www.colchonesselther.com\/cr\/producto\/calm-rest\/#primaryimage","url":"https:\/\/www.colchonesselther.com\/cr\/wp-content\/uploads\/2024\/08\/almohada_calmrest_frente.jpg","contentUrl":"https:\/\/www.colchonesselther.com\/cr\/wp-content\/uploads\/2024\/08\/almohada_calmrest_frente.jpg","width":1200,"height":1200,"caption":"Almohada Calm Rest foto frontal - Selther"},{"@type":"BreadcrumbList","@id":"https:\/\/www.colchonesselther.com\/cr\/producto\/calm-rest\/#breadcrumb","itemListElement":[{"@type":"ListItem","position":1,"name":"Portada","item":"https:\/\/colchonesselther.com\/cr\/"},{"@type":"ListItem","position":2,"name":"Tienda","item":"https:\/\/colchonesselther.com\/cr\/tienda\/"},{"@type":"ListItem","position":3,"name":"Almohada Calm Rest"}]},{"@type":"WebSite","@id":"https:\/\/colchonesselther.com\/cr\/#website","url":"https:\/\/colchonesselther.com\/cr\/","name":"Colchones Selther","description":"Durabilidad Europea Hecha Colch\u00f3n","publisher":{"@id":"https:\/\/colchonesselther.com\/cr\/#organization"},"potentialAction":[{"@type":"SearchAction","target":{"@type":"EntryPoint","urlTemplate":"https:\/\/colchonesselther.com\/cr\/?s={search_term_string}"},"query-input":{"@type":"PropertyValueSpecification","valueRequired":true,"valueName":"search_term_string"}}],"inLanguage":"es-CR"},{"@type":"Organization","@id":"https:\/\/colchonesselther.com\/cr\/#organization","name":"Colchones Selther","url":"https:\/\/colchonesselther.com\/cr\/","logo":{"@type":"ImageObject","inLanguage":"es-CR","@id":"https:\/\/colchonesselther.com\/cr\/#\/schema\/logo\/image\/","url":"https:\/\/www.colchonesselther.com\/cr\/wp-content\/uploads\/2024\/07\/LOGO-SELTHER-SMALL.webp","contentUrl":"https:\/\/www.colchonesselther.com\/cr\/wp-content\/uploads\/2024\/07\/LOGO-SELTHER-SMALL.webp","width":650,"height":189,"caption":"Colchones Selther"},"image":{"@id":"https:\/\/colchonesselther.com\/cr\/#\/schema\/logo\/image\/"}}]}},"_links":{"self":[{"href":"https:\/\/www.colchonesselther.com\/cr\/wp-json\/wp\/v2\/product\/356","targetHints":{"allow":["GET"]}}],"collection":[{"href":"https:\/\/www.colchonesselther.com\/cr\/wp-json\/wp\/v2\/product"}],"about":[{"href":"https:\/\/www.colchonesselther.com\/cr\/wp-json\/wp\/v2\/types\/product"}],"replies":[{"embeddable":true,"href":"https:\/\/www.colchonesselther.com\/cr\/wp-json\/wp\/v2\/comments?post=356"}],"wp:featuredmedia":[{"embeddable":true,"href":"https:\/\/www.colchonesselther.com\/cr\/wp-json\/wp\/v2\/media\/2093"}],"wp:attachment":[{"href":"https:\/\/www.colchonesselther.com\/cr\/wp-json\/wp\/v2\/media?parent=356"}],"wp:term":[{"taxonomy":"product_brand","embeddable":true,"href":"https:\/\/www.colchonesselther.com\/cr\/wp-json\/wp\/v2\/product_brand?post=356"},{"taxonomy":"product_cat","embeddable":true,"href":"https:\/\/www.colchonesselther.com\/cr\/wp-json\/wp\/v2\/product_cat?post=356"},{"taxonomy":"product_tag","embeddable":true,"href":"https:\/\/www.colchonesselther.com\/cr\/wp-json\/wp\/v2\/product_tag?post=356"}],"curies":[{"name":"wp","href":"https:\/\/api.w.org\/{rel}","templated":true}]}}