{"id":2024,"date":"2024-11-21T12:33:22","date_gmt":"2024-11-21T18:33:22","guid":{"rendered":"https:\/\/colchonesselther.com\/cr\/?page_id=2024"},"modified":"2025-01-22T10:14:11","modified_gmt":"2025-01-22T16:14:11","slug":"contacto","status":"publish","type":"page","link":"https:\/\/www.colchonesselther.com\/cr\/contacto\/","title":{"rendered":"Contacto"},"content":{"rendered":"\t\t<div data-elementor-type=\"wp-page\" data-elementor-id=\"2024\" class=\"elementor elementor-2024\" data-elementor-post-type=\"page\">\n\t\t\t\t<div class=\"elementor-element elementor-element-b494a7c e-flex e-con-boxed e-con e-parent\" data-id=\"b494a7c\" data-element_type=\"container\" data-e-type=\"container\">\n\t\t\t\t\t<div class=\"e-con-inner\">\n\t\t\t\t<div class=\"elementor-element elementor-element-8c232fb elementor-widget elementor-widget-spacer\" data-id=\"8c232fb\" data-element_type=\"widget\" data-e-type=\"widget\" data-widget_type=\"spacer.default\">\n\t\t\t\t<div class=\"elementor-widget-container\">\n\t\t\t\t\t\t\t<div class=\"elementor-spacer\">\n\t\t\t<div class=\"elementor-spacer-inner\"><\/div>\n\t\t<\/div>\n\t\t\t\t\t\t<\/div>\n\t\t\t\t<\/div>\n\t\t\t\t<div class=\"elementor-element elementor-element-0268322 elementor-widget elementor-widget-heading\" data-id=\"0268322\" data-element_type=\"widget\" data-e-type=\"widget\" data-widget_type=\"heading.default\">\n\t\t\t\t<div class=\"elementor-widget-container\">\n\t\t\t\t\t<h2 class=\"elementor-heading-title elementor-size-default\">NO DUDES EN<\/h2>\t\t\t\t<\/div>\n\t\t\t\t<\/div>\n\t\t\t\t<div class=\"elementor-element elementor-element-70be570 elementor-widget elementor-widget-heading\" data-id=\"70be570\" data-element_type=\"widget\" data-e-type=\"widget\" data-widget_type=\"heading.default\">\n\t\t\t\t<div class=\"elementor-widget-container\">\n\t\t\t\t\t<h1 class=\"elementor-heading-title elementor-size-default\">CONTACTARNOS<\/h1>\t\t\t\t<\/div>\n\t\t\t\t<\/div>\n\t\t\t\t<div class=\"elementor-element elementor-element-60c1f57 elementor-widget elementor-widget-heading\" data-id=\"60c1f57\" data-element_type=\"widget\" data-e-type=\"widget\" data-widget_type=\"heading.default\">\n\t\t\t\t<div class=\"elementor-widget-container\">\n\t\t\t\t\t<h2 class=\"elementor-heading-title elementor-size-default\">ESTAMOS PARA SERVIRTE<\/h2>\t\t\t\t<\/div>\n\t\t\t\t<\/div>\n\t\t\t\t\t<\/div>\n\t\t\t\t<\/div>\n\t\t<div class=\"elementor-element elementor-element-d4db952 e-flex e-con-boxed e-con e-parent\" data-id=\"d4db952\" data-element_type=\"container\" data-e-type=\"container\">\n\t\t\t\t\t<div class=\"e-con-inner\">\n\t\t<div class=\"elementor-element elementor-element-b04e137 e-con-full e-flex e-con e-child\" data-id=\"b04e137\" data-element_type=\"container\" data-e-type=\"container\">\n\t\t\t\t<div class=\"elementor-element elementor-element-0242963 elementor-widget elementor-widget-text-editor\" data-id=\"0242963\" data-element_type=\"widget\" data-e-type=\"widget\" data-widget_type=\"text-editor.default\">\n\t\t\t\t<div class=\"elementor-widget-container\">\n\t\t\t\t\t\t\t\t\t<p>En Selther estamos listos para brindarte el mejor asesoramiento para que consigas tu colch\u00f3n u accesorio ideal, as\u00ed obtener el descanso reparador, confortable y relajado que mereces \u00a1Escribinos! lo antes posible te estaremos contactando.<\/p>\t\t\t\t\t\t\t\t<\/div>\n\t\t\t\t<\/div>\n\t\t\t\t<\/div>\n\t\t\t\t\t<\/div>\n\t\t\t\t<\/div>\n\t\t<div class=\"elementor-element elementor-element-42c2985 e-flex e-con-boxed e-con e-parent\" data-id=\"42c2985\" data-element_type=\"container\" data-e-type=\"container\">\n\t\t\t\t\t<div class=\"e-con-inner\">\n\t\t<div class=\"elementor-element elementor-element-545ddc4 e-con-full e-flex e-con e-child\" data-id=\"545ddc4\" data-element_type=\"container\" data-e-type=\"container\">\n\t\t\t\t<div class=\"elementor-element elementor-element-dfc4f35 elementor-button-align-stretch elementor-widget elementor-widget-form\" data-id=\"dfc4f35\" data-element_type=\"widget\" data-e-type=\"widget\" data-settings=\"{&quot;step_next_label&quot;:&quot;Next&quot;,&quot;step_previous_label&quot;:&quot;Previous&quot;,&quot;button_width&quot;:&quot;100&quot;,&quot;step_type&quot;:&quot;number_text&quot;,&quot;step_icon_shape&quot;:&quot;circle&quot;}\" data-widget_type=\"form.default\">\n\t\t\t\t<div class=\"elementor-widget-container\">\n\t\t\t\t\t\t\t<form class=\"elementor-form\" method=\"post\" name=\"New Form\" aria-label=\"New Form\">\n\t\t\t<input type=\"hidden\" name=\"post_id\" value=\"2024\"\/>\n\t\t\t<input type=\"hidden\" name=\"form_id\" value=\"dfc4f35\"\/>\n\t\t\t<input type=\"hidden\" name=\"referer_title\" value=\"Cont\u00e1ctanos: Colchones Selther, Lo mejor para tu Descanso\" \/>\n\n\t\t\t\t\t\t\t<input type=\"hidden\" name=\"queried_id\" value=\"2024\"\/>\n\t\t\t\n\t\t\t<div class=\"elementor-form-fields-wrapper elementor-labels-above\">\n\t\t\t\t\t\t\t\t<div class=\"elementor-field-type-text elementor-field-group elementor-column elementor-field-group-name elementor-col-100 elementor-field-required\">\n\t\t\t\t\t\t\t\t\t\t\t\t<label for=\"form-field-name\" class=\"elementor-field-label\">\n\t\t\t\t\t\t\t\tNombre\t\t\t\t\t\t\t<\/label>\n\t\t\t\t\t\t\t\t\t\t\t\t\t\t<input size=\"1\" type=\"text\" name=\"form_fields[name]\" id=\"form-field-name\" class=\"elementor-field elementor-size-sm  elementor-field-textual\" placeholder=\"Nombre\" required=\"required\">\n\t\t\t\t\t\t\t\t\t\t\t<\/div>\n\t\t\t\t\t\t\t\t<div class=\"elementor-field-type-email elementor-field-group elementor-column elementor-field-group-email elementor-col-100 elementor-field-required\">\n\t\t\t\t\t\t\t\t\t\t\t\t<label for=\"form-field-email\" class=\"elementor-field-label\">\n\t\t\t\t\t\t\t\tEmail\t\t\t\t\t\t\t<\/label>\n\t\t\t\t\t\t\t\t\t\t\t\t\t\t<input size=\"1\" type=\"email\" name=\"form_fields[email]\" id=\"form-field-email\" class=\"elementor-field elementor-size-sm  elementor-field-textual\" placeholder=\"Email\" required=\"required\">\n\t\t\t\t\t\t\t\t\t\t\t<\/div>\n\t\t\t\t\t\t\t\t<div class=\"elementor-field-type-number elementor-field-group elementor-column elementor-field-group-field_9a92c8b elementor-col-100\">\n\t\t\t\t\t\t\t\t\t\t\t\t<label for=\"form-field-field_9a92c8b\" class=\"elementor-field-label\">\n\t\t\t\t\t\t\t\tTel\u00e9fono\t\t\t\t\t\t\t<\/label>\n\t\t\t\t\t\t\t\t\t<input type=\"number\" name=\"form_fields[field_9a92c8b]\" id=\"form-field-field_9a92c8b\" class=\"elementor-field elementor-size-sm  elementor-field-textual\" placeholder=\"Tel\u00e9fono\" min=\"\" max=\"\" >\n\t\t\t\t\t\t<\/div>\n\t\t\t\t\t\t\t\t<div class=\"elementor-field-type-textarea elementor-field-group elementor-column elementor-field-group-message elementor-col-100\">\n\t\t\t\t\t\t\t\t\t\t\t\t<label for=\"form-field-message\" class=\"elementor-field-label\">\n\t\t\t\t\t\t\t\tMensaje\t\t\t\t\t\t\t<\/label>\n\t\t\t\t\t\t<textarea class=\"elementor-field-textual elementor-field  elementor-size-sm\" name=\"form_fields[message]\" id=\"form-field-message\" rows=\"4\" placeholder=\"Mensaje\"><\/textarea>\t\t\t\t<\/div>\n\t\t\t\t\t\t\t\t<div class=\"elementor-field-group elementor-column elementor-field-type-submit elementor-col-100 e-form__buttons\">\n\t\t\t\t\t<button class=\"elementor-button elementor-size-sm\" type=\"submit\">\n\t\t\t\t\t\t<span class=\"elementor-button-content-wrapper\">\n\t\t\t\t\t\t\t\t\t\t\t\t\t\t\t\t\t\t\t\t\t\t<span class=\"elementor-button-text\">Enviar<\/span>\n\t\t\t\t\t\t\t\t\t\t\t\t\t<\/span>\n\t\t\t\t\t<\/button>\n\t\t\t\t<\/div>\n\t\t\t<\/div>\n\t\t<\/form>\n\t\t\t\t\t\t<\/div>\n\t\t\t\t<\/div>\n\t\t\t\t<\/div>\n\t\t\t\t\t<\/div>\n\t\t\t\t<\/div>\n\t\t<div class=\"elementor-element elementor-element-ad52489 e-flex e-con-boxed e-con e-parent\" data-id=\"ad52489\" data-element_type=\"container\" data-e-type=\"container\">\n\t\t\t\t\t<div class=\"e-con-inner\">\n\t\t\t\t<div class=\"elementor-element elementor-element-1b92895 elementor-widget elementor-widget-spacer\" data-id=\"1b92895\" data-element_type=\"widget\" data-e-type=\"widget\" data-widget_type=\"spacer.default\">\n\t\t\t\t<div class=\"elementor-widget-container\">\n\t\t\t\t\t\t\t<div class=\"elementor-spacer\">\n\t\t\t<div class=\"elementor-spacer-inner\"><\/div>\n\t\t<\/div>\n\t\t\t\t\t\t<\/div>\n\t\t\t\t<\/div>\n\t\t\t\t\t<\/div>\n\t\t\t\t<\/div>\n\t\t\t\t<\/div>\n\t\t","protected":false},"excerpt":{"rendered":"<p>NO DUDES EN CONTACTARNOS ESTAMOS PARA SERVIRTE En Selther estamos listos para brindarte el mejor asesoramiento para que consigas tu colch\u00f3n u accesorio ideal, as\u00ed obtener el descanso reparador, confortable y relajado que mereces \u00a1Escribinos! lo antes posible te estaremos contactando.<\/p>\n","protected":false},"author":2,"featured_media":0,"parent":0,"menu_order":0,"comment_status":"closed","ping_status":"closed","template":"","meta":{"footnotes":""},"class_list":["post-2024","page","type-page","status-publish","hentry"],"yoast_head":"<!-- This site is optimized with the Yoast SEO plugin v26.8 - https:\/\/yoast.com\/product\/yoast-seo-wordpress\/ -->\n<title>Cont\u00e1ctanos: Colchones Selther, Lo mejor para tu Descanso<\/title>\n<meta name=\"description\" content=\"\u00bfTienes dudas? Cont\u00e1ctanos en Selther Costa Rica y recibe asesor\u00eda personalizada para encontrar tu colch\u00f3n ideal. \u00a1Escr\u00edbenos hoy!\" \/>\n<meta name=\"robots\" content=\"index, follow, max-snippet:-1, max-image-preview:large, max-video-preview:-1\" \/>\n<link rel=\"canonical\" href=\"https:\/\/colchonesselther.com\/cr\/contacto\/\" \/>\n<meta property=\"og:locale\" content=\"es_ES\" \/>\n<meta property=\"og:type\" content=\"article\" \/>\n<meta property=\"og:title\" content=\"Cont\u00e1ctanos: Colchones Selther, Lo mejor para tu Descanso\" \/>\n<meta property=\"og:description\" content=\"\u00bfTienes dudas? Cont\u00e1ctanos en Selther Costa Rica y recibe asesor\u00eda personalizada para encontrar tu colch\u00f3n ideal. \u00a1Escr\u00edbenos hoy!\" \/>\n<meta property=\"og:url\" content=\"https:\/\/colchonesselther.com\/cr\/contacto\/\" \/>\n<meta property=\"og:site_name\" content=\"Colchones Selther\" \/>\n<meta property=\"article:modified_time\" content=\"2025-01-22T16:14:11+00:00\" \/>\n<meta name=\"twitter:card\" content=\"summary_large_image\" \/>\n<meta name=\"twitter:label1\" content=\"Est. reading time\" \/>\n\t<meta name=\"twitter:data1\" content=\"1 minuto\" \/>\n<script type=\"application\/ld+json\" class=\"yoast-schema-graph\">{\"@context\":\"https:\/\/schema.org\",\"@graph\":[{\"@type\":\"WebPage\",\"@id\":\"https:\/\/colchonesselther.com\/cr\/contacto\/\",\"url\":\"https:\/\/colchonesselther.com\/cr\/contacto\/\",\"name\":\"Cont\u00e1ctanos: Colchones Selther, Lo mejor para tu Descanso\",\"isPartOf\":{\"@id\":\"https:\/\/colchonesselther.com\/cr\/#website\"},\"datePublished\":\"2024-11-21T18:33:22+00:00\",\"dateModified\":\"2025-01-22T16:14:11+00:00\",\"description\":\"\u00bfTienes dudas? Cont\u00e1ctanos en Selther Costa Rica y recibe asesor\u00eda personalizada para encontrar tu colch\u00f3n ideal. \u00a1Escr\u00edbenos hoy!\",\"breadcrumb\":{\"@id\":\"https:\/\/colchonesselther.com\/cr\/contacto\/#breadcrumb\"},\"inLanguage\":\"es-CR\",\"potentialAction\":[{\"@type\":\"ReadAction\",\"target\":[\"https:\/\/colchonesselther.com\/cr\/contacto\/\"]}]},{\"@type\":\"BreadcrumbList\",\"@id\":\"https:\/\/colchonesselther.com\/cr\/contacto\/#breadcrumb\",\"itemListElement\":[{\"@type\":\"ListItem\",\"position\":1,\"name\":\"Portada\",\"item\":\"https:\/\/colchonesselther.com\/cr\/\"},{\"@type\":\"ListItem\",\"position\":2,\"name\":\"Contacto\"}]},{\"@type\":\"WebSite\",\"@id\":\"https:\/\/colchonesselther.com\/cr\/#website\",\"url\":\"https:\/\/colchonesselther.com\/cr\/\",\"name\":\"Colchones Selther\",\"description\":\"Durabilidad Europea Hecha Colch\u00f3n\",\"publisher\":{\"@id\":\"https:\/\/colchonesselther.com\/cr\/#organization\"},\"potentialAction\":[{\"@type\":\"SearchAction\",\"target\":{\"@type\":\"EntryPoint\",\"urlTemplate\":\"https:\/\/colchonesselther.com\/cr\/?s={search_term_string}\"},\"query-input\":{\"@type\":\"PropertyValueSpecification\",\"valueRequired\":true,\"valueName\":\"search_term_string\"}}],\"inLanguage\":\"es-CR\"},{\"@type\":\"Organization\",\"@id\":\"https:\/\/colchonesselther.com\/cr\/#organization\",\"name\":\"Colchones Selther\",\"url\":\"https:\/\/colchonesselther.com\/cr\/\",\"logo\":{\"@type\":\"ImageObject\",\"inLanguage\":\"es-CR\",\"@id\":\"https:\/\/colchonesselther.com\/cr\/#\/schema\/logo\/image\/\",\"url\":\"https:\/\/www.colchonesselther.com\/cr\/wp-content\/uploads\/2024\/07\/LOGO-SELTHER-SMALL.webp\",\"contentUrl\":\"https:\/\/www.colchonesselther.com\/cr\/wp-content\/uploads\/2024\/07\/LOGO-SELTHER-SMALL.webp\",\"width\":650,\"height\":189,\"caption\":\"Colchones Selther\"},\"image\":{\"@id\":\"https:\/\/colchonesselther.com\/cr\/#\/schema\/logo\/image\/\"}}]}<\/script>\n<!-- \/ Yoast SEO plugin. -->","yoast_head_json":{"title":"Cont\u00e1ctanos: Colchones Selther, Lo mejor para tu Descanso","description":"\u00bfTienes dudas? Cont\u00e1ctanos en Selther Costa Rica y recibe asesor\u00eda personalizada para encontrar tu colch\u00f3n ideal. \u00a1Escr\u00edbenos hoy!","robots":{"index":"index","follow":"follow","max-snippet":"max-snippet:-1","max-image-preview":"max-image-preview:large","max-video-preview":"max-video-preview:-1"},"canonical":"https:\/\/colchonesselther.com\/cr\/contacto\/","og_locale":"es_ES","og_type":"article","og_title":"Cont\u00e1ctanos: Colchones Selther, Lo mejor para tu Descanso","og_description":"\u00bfTienes dudas? Cont\u00e1ctanos en Selther Costa Rica y recibe asesor\u00eda personalizada para encontrar tu colch\u00f3n ideal. \u00a1Escr\u00edbenos hoy!","og_url":"https:\/\/colchonesselther.com\/cr\/contacto\/","og_site_name":"Colchones Selther","article_modified_time":"2025-01-22T16:14:11+00:00","twitter_card":"summary_large_image","twitter_misc":{"Est. reading time":"1 minuto"},"schema":{"@context":"https:\/\/schema.org","@graph":[{"@type":"WebPage","@id":"https:\/\/colchonesselther.com\/cr\/contacto\/","url":"https:\/\/colchonesselther.com\/cr\/contacto\/","name":"Cont\u00e1ctanos: Colchones Selther, Lo mejor para tu Descanso","isPartOf":{"@id":"https:\/\/colchonesselther.com\/cr\/#website"},"datePublished":"2024-11-21T18:33:22+00:00","dateModified":"2025-01-22T16:14:11+00:00","description":"\u00bfTienes dudas? Cont\u00e1ctanos en Selther Costa Rica y recibe asesor\u00eda personalizada para encontrar tu colch\u00f3n ideal. \u00a1Escr\u00edbenos hoy!","breadcrumb":{"@id":"https:\/\/colchonesselther.com\/cr\/contacto\/#breadcrumb"},"inLanguage":"es-CR","potentialAction":[{"@type":"ReadAction","target":["https:\/\/colchonesselther.com\/cr\/contacto\/"]}]},{"@type":"BreadcrumbList","@id":"https:\/\/colchonesselther.com\/cr\/contacto\/#breadcrumb","itemListElement":[{"@type":"ListItem","position":1,"name":"Portada","item":"https:\/\/colchonesselther.com\/cr\/"},{"@type":"ListItem","position":2,"name":"Contacto"}]},{"@type":"WebSite","@id":"https:\/\/colchonesselther.com\/cr\/#website","url":"https:\/\/colchonesselther.com\/cr\/","name":"Colchones Selther","description":"Durabilidad Europea Hecha Colch\u00f3n","publisher":{"@id":"https:\/\/colchonesselther.com\/cr\/#organization"},"potentialAction":[{"@type":"SearchAction","target":{"@type":"EntryPoint","urlTemplate":"https:\/\/colchonesselther.com\/cr\/?s={search_term_string}"},"query-input":{"@type":"PropertyValueSpecification","valueRequired":true,"valueName":"search_term_string"}}],"inLanguage":"es-CR"},{"@type":"Organization","@id":"https:\/\/colchonesselther.com\/cr\/#organization","name":"Colchones Selther","url":"https:\/\/colchonesselther.com\/cr\/","logo":{"@type":"ImageObject","inLanguage":"es-CR","@id":"https:\/\/colchonesselther.com\/cr\/#\/schema\/logo\/image\/","url":"https:\/\/www.colchonesselther.com\/cr\/wp-content\/uploads\/2024\/07\/LOGO-SELTHER-SMALL.webp","contentUrl":"https:\/\/www.colchonesselther.com\/cr\/wp-content\/uploads\/2024\/07\/LOGO-SELTHER-SMALL.webp","width":650,"height":189,"caption":"Colchones Selther"},"image":{"@id":"https:\/\/colchonesselther.com\/cr\/#\/schema\/logo\/image\/"}}]}},"_links":{"self":[{"href":"https:\/\/www.colchonesselther.com\/cr\/wp-json\/wp\/v2\/pages\/2024","targetHints":{"allow":["GET"]}}],"collection":[{"href":"https:\/\/www.colchonesselther.com\/cr\/wp-json\/wp\/v2\/pages"}],"about":[{"href":"https:\/\/www.colchonesselther.com\/cr\/wp-json\/wp\/v2\/types\/page"}],"author":[{"embeddable":true,"href":"https:\/\/www.colchonesselther.com\/cr\/wp-json\/wp\/v2\/users\/2"}],"replies":[{"embeddable":true,"href":"https:\/\/www.colchonesselther.com\/cr\/wp-json\/wp\/v2\/comments?post=2024"}],"version-history":[{"count":16,"href":"https:\/\/www.colchonesselther.com\/cr\/wp-json\/wp\/v2\/pages\/2024\/revisions"}],"predecessor-version":[{"id":2402,"href":"https:\/\/www.colchonesselther.com\/cr\/wp-json\/wp\/v2\/pages\/2024\/revisions\/2402"}],"wp:attachment":[{"href":"https:\/\/www.colchonesselther.com\/cr\/wp-json\/wp\/v2\/media?parent=2024"}],"curies":[{"name":"wp","href":"https:\/\/api.w.org\/{rel}","templated":true}]}}